{"id":1422,"date":"2025-12-03T11:45:31","date_gmt":"2025-12-03T10:45:31","guid":{"rendered":"https:\/\/www.citysenslab.com\/?page_id=1422"},"modified":"2025-12-03T11:47:36","modified_gmt":"2025-12-03T10:47:36","slug":"politica-de-cookies","status":"publish","type":"page","link":"https:\/\/www.citysenslab.com\/ca\/politica-de-cookies\/","title":{"rendered":"Pol\u00edtica de cookies"},"content":{"rendered":"\t\t<div data-elementor-type=\"wp-page\" data-elementor-id=\"1422\" class=\"elementor elementor-1422\" data-elementor-post-type=\"page\">\n\t\t\t\t<div class=\"elementor-element elementor-element-85fdabd e-flex e-con-boxed e-con e-parent\" data-id=\"85fdabd\" data-element_type=\"container\">\n\t\t\t\t\t<div class=\"e-con-inner\">\n\t\t\t\t<div class=\"elementor-element elementor-element-3ac1aa6 elementor-widget elementor-widget-heading\" data-id=\"3ac1aa6\" data-element_type=\"widget\" data-widget_type=\"heading.default\">\n\t\t\t\t\t<h1 class=\"elementor-heading-title elementor-size-default\">Pol\u00edtica de cookies<\/h1>\t\t\t\t<\/div>\n\t\t\t\t<div class=\"elementor-element elementor-element-b07b5e1 elementor-widget elementor-widget-text-editor\" data-id=\"b07b5e1\" data-element_type=\"widget\" data-widget_type=\"text-editor.default\">\n\t\t\t\t\t\t\t\t\t<p><span style=\"font-weight: 400;\">Abans de comen\u00e7ar, qu\u00e8 \u00e9s una galeta? Quins tipus de galetes existeixen?<\/span><\/p><p><span style=\"font-weight: 400;\">Una galeta \u00e9s un petit fitxer de text que els llocs web instal\u00b7len a l&#8217;ordinador o dispositiu m\u00f2bil dels usuaris que els visitin. Les galetes s&#8217;utilitzen generalment per fer que les p\u00e0gines web funcionin, o ho facin m\u00e9s eficientment, aix\u00ed com per recopilar informaci\u00f3 sobre el seu \u00fas.<\/span><\/p><p><span style=\"font-weight: 400;\">Les galetes es poden classificar de la seg\u00fcent forma:\u00a0\u00a0<\/span><\/p><p><span style=\"font-weight: 400;\">&#8211; Segons l&#8217;entitat que les gestioni: pr\u00f2pies i de tercers;\u00a0\u00a0<\/span><\/p><p><span style=\"font-weight: 400;\">&#8211; Pel termini que romanen activades: de sessi\u00f3 i persistents;\u00a0\u00a0<\/span><\/p><p><span style=\"font-weight: 400;\">&#8211; Segons la seva finalitat: t\u00e8cniques, de prefer\u00e8ncia o personalitzaci\u00f3, d&#8217;an\u00e0lisi i de m\u00e0rqueting.<\/span><\/p><p><span style=\"font-weight: 400;\">Quines galetes utilitzem?<\/span><\/p><p><span style=\"font-weight: 400;\">A la seg\u00fcent taula s&#8217;expliquen les galetes que utilitzem i per a qu\u00e8:<\/span><\/p><p><span style=\"font-weight: 400;\">Nom \u2014 Funci\u00f3 \u2014 Titular \u2014 Domini \u2014 Durada\u00a0\u00a0<\/span><\/p><p><span style=\"font-weight: 400;\">_ga_YB6GBX1H2E \u2014 An\u00e0lisi o medici\u00f3 \u2014 Google \u2014 citysens.com \u2014 729d\u00a0\u00a0<\/span><\/p><p><span style=\"font-weight: 400;\">_ga \u2014 An\u00e0lisi o medici\u00f3 \u2014 Google \u2014 citysens.com \u2014 729d\u00a0\u00a0<\/span><\/p><p><span style=\"font-weight: 400;\">uuid \u2014 Publicitat conductual \u2014 MediaMath \u2014 sibautomation.com \u2014 181d\u00a0\u00a0<\/span><\/p><p><span style=\"font-weight: 400;\">sib_cuid \u2014 Publicitat conductual \u2014 Google \u2014 www.citysens.com \u2014 session\u00a0\u00a0<\/span><\/p><p><span style=\"font-weight: 400;\">_gcl_au \u2014 Publicitat conductual \u2014 Google \u2014 citysens.com \u2014 89d\u00a0\u00a0<\/span><\/p><p><span style=\"font-weight: 400;\">_fbp \u2014 Publicitat conductual \u2014 Facebook \u2014 citysens.com \u2014 89d\u00a0\u00a0<\/span><\/p><p><span style=\"font-weight: 400;\">PrestaShop-302e7eabea5e793bc7a217296a125981 \u2014 Estrictament Necess\u00e0ries \u2014 PrestaShop \u2014 www.citysens.com \u2014 19d\u00a0\u00a0<\/span><\/p><p><span style=\"font-weight: 400;\">PHPSESSID \u2014 Estrictament Necess\u00e0ries \u2014 PHP.net \u2014 www.citysens.com \u2014 session\u00a0\u00a0<\/span><\/p><p><span style=\"font-weight: 400;\">_fbp \u2014 Publicitat conductual \u2014 Facebook \u2014 com \u2014 session\u00a0\u00a0<\/span><\/p><p><span style=\"font-weight: 400;\">CookieConsent \u2014 Estrictament Necess\u00e0ries \u2014 Cookiebot \u2014 www.citysens.com \u2014 session\u00a0\u00a0<\/span><\/p><p><span style=\"font-weight: 400;\">IDE \u2014 Publicitat conductual \u2014 Google \u2014 doubleclick.net \u2014 389d\u00a0\u00a0<\/span><\/p><p><span style=\"font-weight: 400;\">lawwwing-consent \u2014 Estrictament Necess\u00e0ries \u2014 Lawwwing \u2014 citysens.com \u2014 364d\u00a0\u00a0<\/span><\/p><p><span style=\"font-weight: 400;\">test_cookie \u2014 Estrictament Necess\u00e0ries \u2014 Google \u2014 doubleclick.net \u2014 session\u00a0\u00a0<\/span><\/p><p><span style=\"font-weight: 400;\">lawwwing-consent-v2 \u2014 Estrictament Necess\u00e0ries \u2014 Lawwwing \u2014 citysens.com \u2014 364d\u00a0\u00a0<\/span><\/p><p><span style=\"font-weight: 400;\">lawwwing-session \u2014 Estrictament Necess\u00e0ries \u2014 Lawwwing \u2014 citysens.com \u2014 364d<\/span><\/p><p><span style=\"font-weight: 400;\">Eliminar les galetes<\/span><\/p><p><span style=\"font-weight: 400;\">La majoria dels navegadors web permeten un cert control de la majoria de les galetes a trav\u00e9s de la configuraci\u00f3 del navegador. Pots configurar les galetes als navegadors m\u00e9s comuns seguint les seves instruccions:<\/span><\/p><p><span style=\"font-weight: 400;\">&#8211; Google Chrome\u00a0\u00a0<\/span><\/p><p><span style=\"font-weight: 400;\">&#8211; Microsoft Edge\u00a0\u00a0<\/span><\/p><p><span style=\"font-weight: 400;\">&#8211; Mozilla Firefox\u00a0\u00a0<\/span><\/p><p><span style=\"font-weight: 400;\">&#8211; Microsoft Internet Explorer\u00a0\u00a0<\/span><\/p><p><span style=\"font-weight: 400;\">&#8211; Opera\u00a0\u00a0<\/span><\/p><p><span style=\"font-weight: 400;\">&#8211; Apple Safari\u00a0\u00a0<\/span><\/p><p><br \/><br \/><br \/><\/p><p><span style=\"font-weight: 400;\">A https:\/\/citysens.com utilitzem Google Consent Mode v2 per transmetre els consents als diferents prop\u00f2sits. M\u00e9s informaci\u00f3 aqu\u00ed.<\/span><\/p><p><span style=\"font-weight: 400;\">Canvis en la Pol\u00edtica de Privacitat i Galetes<\/span><\/p><p><span style=\"font-weight: 400;\">Aquesta Pol\u00edtica de Privacitat i Galetes va ser actualitzada per \u00faltima vegada el 29\/05\/2025. Citysens Designs S.L. es reserva el dret a actualitzar i modificar alguns extrems de la mateixa per adaptar-la a les novetats legislatives i jurisprudencials per la qual cosa et recomanem revisar-la peri\u00f2dicament.<\/span><\/p><p><span style=\"font-weight: 400;\">Copyright \u00a9 2025\u00a0\u00a0<\/span><\/p><p><span style=\"font-weight: 400;\">Powered by lawwwing.com<\/span><\/p>\t\t\t\t\t\t\t\t<\/div>\n\t\t\t\t<div class=\"elementor-element elementor-element-cfca46b elementor-widget elementor-widget-spacer\" data-id=\"cfca46b\" data-element_type=\"widget\" data-widget_type=\"spacer.default\">\n\t\t\t\t\t\t\t<div class=\"elementor-spacer\">\n\t\t\t<div class=\"elementor-spacer-inner\"><\/div>\n\t\t<\/div>\n\t\t\t\t\t\t<\/div>\n\t\t\t\t\t<\/div>\n\t\t\t\t<\/div>\n\t\t\t\t<\/div>\n\t\t","protected":false},"excerpt":{"rendered":"<p>Abans de comen\u00e7ar, qu\u00e8 \u00e9s una galeta? Quins tipus de galetes existeixen? Una galeta \u00e9s un petit fitxer de text [&hellip;]<\/p>\n","protected":false},"author":1,"featured_media":0,"parent":0,"menu_order":0,"comment_status":"closed","ping_status":"closed","template":"","meta":{"_acf_changed":false,"site-sidebar-layout":"no-sidebar","site-content-layout":"","ast-site-content-layout":"full-width-container","site-content-style":"default","site-sidebar-style":"default","ast-global-header-display":"","ast-banner-title-visibility":"","ast-main-header-display":"","ast-hfb-above-header-display":"","ast-hfb-below-header-display":"","ast-hfb-mobile-header-display":"","site-post-title":"disabled","ast-breadcrumbs-content":"","ast-featured-img":"disabled","footer-sml-layout":"","theme-transparent-header-meta":"","adv-header-id-meta":"","stick-header-meta":"","header-above-stick-meta":"","header-main-stick-meta":"","header-below-stick-meta":"","astra-migrate-meta-layouts":"default","ast-page-background-enabled":"default","ast-page-background-meta":{"desktop":{"background-color":"var(--ast-global-color-5)","background-image":"","background-repeat":"repeat","background-position":"center center","background-size":"auto","background-attachment":"scroll","background-type":"","background-media":"","overlay-type":"","overlay-color":"","overlay-opacity":"","overlay-gradient":""},"tablet":{"background-color":"","background-image":"","background-repeat":"repeat","background-position":"center center","background-size":"auto","background-attachment":"scroll","background-type":"","background-media":"","overlay-type":"","overlay-color":"","overlay-opacity":"","overlay-gradient":""},"mobile":{"background-color":"","background-image":"","background-repeat":"repeat","background-position":"center center","background-size":"auto","background-attachment":"scroll","background-type":"","background-media":"","overlay-type":"","overlay-color":"","overlay-opacity":"","overlay-gradient":""}},"ast-content-background-meta":{"desktop":{"background-color":"var(--ast-global-color-4)","background-image":"","background-repeat":"repeat","background-position":"center center","background-size":"auto","background-attachment":"scroll","background-type":"","background-media":"","overlay-type":"","overlay-color":"","overlay-opacity":"","overlay-gradient":""},"tablet":{"background-color":"var(--ast-global-color-4)","background-image":"","background-repeat":"repeat","background-position":"center center","background-size":"auto","background-attachment":"scroll","background-type":"","background-media":"","overlay-type":"","overlay-color":"","overlay-opacity":"","overlay-gradient":""},"mobile":{"background-color":"var(--ast-global-color-4)","background-image":"","background-repeat":"repeat","background-position":"center center","background-size":"auto","background-attachment":"scroll","background-type":"","background-media":"","overlay-type":"","overlay-color":"","overlay-opacity":"","overlay-gradient":""}},"footnotes":""},"class_list":["post-1422","page","type-page","status-publish","hentry"],"acf":[],"_links":{"self":[{"href":"https:\/\/www.citysenslab.com\/ca\/wp-json\/wp\/v2\/pages\/1422","targetHints":{"allow":["GET"]}}],"collection":[{"href":"https:\/\/www.citysenslab.com\/ca\/wp-json\/wp\/v2\/pages"}],"about":[{"href":"https:\/\/www.citysenslab.com\/ca\/wp-json\/wp\/v2\/types\/page"}],"author":[{"embeddable":true,"href":"https:\/\/www.citysenslab.com\/ca\/wp-json\/wp\/v2\/users\/1"}],"replies":[{"embeddable":true,"href":"https:\/\/www.citysenslab.com\/ca\/wp-json\/wp\/v2\/comments?post=1422"}],"version-history":[{"count":4,"href":"https:\/\/www.citysenslab.com\/ca\/wp-json\/wp\/v2\/pages\/1422\/revisions"}],"predecessor-version":[{"id":1426,"href":"https:\/\/www.citysenslab.com\/ca\/wp-json\/wp\/v2\/pages\/1422\/revisions\/1426"}],"wp:attachment":[{"href":"https:\/\/www.citysenslab.com\/ca\/wp-json\/wp\/v2\/media?parent=1422"}],"curies":[{"name":"wp","href":"https:\/\/api.w.org\/{rel}","templated":true}]}}