{"id":176,"date":"2025-10-01T13:22:11","date_gmt":"2025-10-01T11:22:11","guid":{"rendered":"http:\/\/www.citysenslab.com\/?page_id=176"},"modified":"2025-10-17T14:08:18","modified_gmt":"2025-10-17T12:08:18","slug":"el-laboratori","status":"publish","type":"page","link":"https:\/\/www.citysenslab.com\/ca\/el-laboratori\/","title":{"rendered":"El laboratori"},"content":{"rendered":"\t\t<div data-elementor-type=\"wp-page\" data-elementor-id=\"176\" class=\"elementor elementor-176\" data-elementor-post-type=\"page\">\n\t\t\t\t<div class=\"elementor-element elementor-element-995b759 e-flex e-con-boxed e-con e-parent\" data-id=\"995b759\" data-element_type=\"container\" data-settings=\"{&quot;background_background&quot;:&quot;classic&quot;}\">\n\t\t\t\t\t<div class=\"e-con-inner\">\n\t\t\t\t<div class=\"elementor-element elementor-element-76e299a elementor-widget__width-initial elementor-widget-mobile__width-inherit elementor-invisible elementor-widget elementor-widget-heading\" data-id=\"76e299a\" data-element_type=\"widget\" data-settings=\"{&quot;_animation&quot;:&quot;fadeIn&quot;}\" data-widget_type=\"heading.default\">\n\t\t\t\t\t<h1 class=\"elementor-heading-title elementor-size-default\">Un laboratori on la natura, el disseny i les persones treballen juntes.\n<\/h1>\t\t\t\t<\/div>\n\t\t\t\t<div class=\"elementor-element elementor-element-0b1bf8d elementor-widget elementor-widget-global elementor-global-92 elementor-widget-spacer\" data-id=\"0b1bf8d\" data-element_type=\"widget\" data-widget_type=\"spacer.default\">\n\t\t\t\t\t\t\t<div class=\"elementor-spacer\">\n\t\t\t<div class=\"elementor-spacer-inner\"><\/div>\n\t\t<\/div>\n\t\t\t\t\t\t<\/div>\n\t\t\t\t<div class=\"elementor-element elementor-element-1ccb6f4 elementor-widget__width-initial elementor-invisible elementor-widget elementor-widget-heading\" data-id=\"1ccb6f4\" data-element_type=\"widget\" data-settings=\"{&quot;_animation&quot;:&quot;fadeIn&quot;}\" data-widget_type=\"heading.default\">\n\t\t\t\t\t<p class=\"elementor-heading-title elementor-size-default\">A CitySens Lab proposem solucions biof\u00edliques que milloren els espais que habitem. Treballem amb materials honestos, dissenys modulars i tecnologia d'autorreg per crear entorns que respirin benestar.\n<\/p>\t\t\t\t<\/div>\n\t\t\t\t\t<\/div>\n\t\t\t\t<\/div>\n\t\t<div class=\"elementor-element elementor-element-25e793d e-flex e-con-boxed e-con e-parent\" data-id=\"25e793d\" data-element_type=\"container\" data-settings=\"{&quot;background_background&quot;:&quot;classic&quot;,&quot;background_motion_fx_motion_fx_scrolling&quot;:&quot;yes&quot;,&quot;background_motion_fx_translateY_effect&quot;:&quot;yes&quot;,&quot;background_motion_fx_translateY_speed&quot;:{&quot;unit&quot;:&quot;px&quot;,&quot;size&quot;:5.8,&quot;sizes&quot;:[]},&quot;background_motion_fx_translateY_affectedRange&quot;:{&quot;unit&quot;:&quot;%&quot;,&quot;size&quot;:&quot;&quot;,&quot;sizes&quot;:{&quot;start&quot;:0,&quot;end&quot;:87}},&quot;background_motion_fx_devices&quot;:[&quot;desktop&quot;,&quot;laptop&quot;,&quot;tablet&quot;,&quot;mobile&quot;]}\">\n\t\t\t\t\t<div class=\"e-con-inner\">\n\t\t\t\t\t<\/div>\n\t\t\t\t<\/div>\n\t\t<div class=\"elementor-element elementor-element-d5541cc e-flex e-con-boxed e-con e-parent\" data-id=\"d5541cc\" data-element_type=\"container\">\n\t\t\t\t\t<div class=\"e-con-inner\">\n\t\t\t\t<div class=\"elementor-element elementor-element-e8b1358 elementor-widget elementor-widget-spacer\" data-id=\"e8b1358\" data-element_type=\"widget\" data-widget_type=\"spacer.default\">\n\t\t\t\t\t\t\t<div class=\"elementor-spacer\">\n\t\t\t<div class=\"elementor-spacer-inner\"><\/div>\n\t\t<\/div>\n\t\t\t\t\t\t<\/div>\n\t\t<div class=\"elementor-element elementor-element-eb7b0da e-con-full e-flex e-con e-child\" data-id=\"eb7b0da\" data-element_type=\"container\">\n\t\t\t\t<div class=\"elementor-element elementor-element-0e67538 hover-redondeo elementor-invisible elementor-widget elementor-widget-image\" data-id=\"0e67538\" data-element_type=\"widget\" data-settings=\"{&quot;_animation&quot;:&quot;fadeIn&quot;}\" data-widget_type=\"image.default\">\n\t\t\t\t\t\t\t\t\t\t\t\t\t\t\t<img fetchpriority=\"high\" decoding=\"async\" width=\"1829\" height=\"2560\" src=\"https:\/\/www.citysenslab.com\/wp-content\/uploads\/2025\/10\/pexels-shvetsa-12662816-scaled.jpg\" class=\"attachment-full size-full wp-image-737\" alt=\"\" srcset=\"https:\/\/www.citysenslab.com\/wp-content\/uploads\/2025\/10\/pexels-shvetsa-12662816-scaled.jpg 1829w, https:\/\/www.citysenslab.com\/wp-content\/uploads\/2025\/10\/pexels-shvetsa-12662816-214x300.jpg 214w, https:\/\/www.citysenslab.com\/wp-content\/uploads\/2025\/10\/pexels-shvetsa-12662816-732x1024.jpg 732w, https:\/\/www.citysenslab.com\/wp-content\/uploads\/2025\/10\/pexels-shvetsa-12662816-768x1075.jpg 768w, https:\/\/www.citysenslab.com\/wp-content\/uploads\/2025\/10\/pexels-shvetsa-12662816-1097x1536.jpg 1097w, https:\/\/www.citysenslab.com\/wp-content\/uploads\/2025\/10\/pexels-shvetsa-12662816-1463x2048.jpg 1463w\" sizes=\"(max-width: 1829px) 100vw, 1829px\" \/>\t\t\t\t\t\t\t\t\t\t\t\t\t\t\t<\/div>\n\t\t\t\t<div class=\"elementor-element elementor-element-961dad2 hover-redondeo elementor-invisible elementor-widget elementor-widget-image\" data-id=\"961dad2\" data-element_type=\"widget\" data-settings=\"{&quot;_animation&quot;:&quot;fadeIn&quot;}\" data-widget_type=\"image.default\">\n\t\t\t\t\t\t\t\t\t\t\t\t\t\t\t<img decoding=\"async\" width=\"937\" height=\"1172\" src=\"https:\/\/www.citysenslab.com\/wp-content\/uploads\/2025\/10\/ChatGPT-Image-17-oct-2025-09_32_47.jpg\" class=\"attachment-full size-full wp-image-978\" alt=\"\" srcset=\"https:\/\/www.citysenslab.com\/wp-content\/uploads\/2025\/10\/ChatGPT-Image-17-oct-2025-09_32_47.jpg 937w, https:\/\/www.citysenslab.com\/wp-content\/uploads\/2025\/10\/ChatGPT-Image-17-oct-2025-09_32_47-240x300.jpg 240w, https:\/\/www.citysenslab.com\/wp-content\/uploads\/2025\/10\/ChatGPT-Image-17-oct-2025-09_32_47-819x1024.jpg 819w, https:\/\/www.citysenslab.com\/wp-content\/uploads\/2025\/10\/ChatGPT-Image-17-oct-2025-09_32_47-768x961.jpg 768w\" sizes=\"(max-width: 937px) 100vw, 937px\" \/>\t\t\t\t\t\t\t\t\t\t\t\t\t\t\t<\/div>\n\t\t\t\t<div class=\"elementor-element elementor-element-ee99e9e hover-redondeo elementor-invisible elementor-widget elementor-widget-image\" data-id=\"ee99e9e\" data-element_type=\"widget\" data-settings=\"{&quot;_animation&quot;:&quot;fadeIn&quot;}\" data-widget_type=\"image.default\">\n\t\t\t\t\t\t\t\t\t\t\t\t\t\t\t<img decoding=\"async\" width=\"1267\" height=\"1775\" src=\"https:\/\/www.citysenslab.com\/wp-content\/uploads\/2025\/10\/pexels-pixabay-221537.jpg\" class=\"attachment-full size-full wp-image-736\" alt=\"\" srcset=\"https:\/\/www.citysenslab.com\/wp-content\/uploads\/2025\/10\/pexels-pixabay-221537.jpg 1267w, https:\/\/www.citysenslab.com\/wp-content\/uploads\/2025\/10\/pexels-pixabay-221537-214x300.jpg 214w, https:\/\/www.citysenslab.com\/wp-content\/uploads\/2025\/10\/pexels-pixabay-221537-731x1024.jpg 731w, https:\/\/www.citysenslab.com\/wp-content\/uploads\/2025\/10\/pexels-pixabay-221537-768x1076.jpg 768w, https:\/\/www.citysenslab.com\/wp-content\/uploads\/2025\/10\/pexels-pixabay-221537-1096x1536.jpg 1096w\" sizes=\"(max-width: 1267px) 100vw, 1267px\" \/>\t\t\t\t\t\t\t\t\t\t\t\t\t\t\t<\/div>\n\t\t\t\t<\/div>\n\t\t\t\t\t<\/div>\n\t\t\t\t<\/div>\n\t\t<div class=\"elementor-element elementor-element-9864576 e-flex e-con-boxed e-con e-parent\" data-id=\"9864576\" data-element_type=\"container\">\n\t\t\t\t\t<div class=\"e-con-inner\">\n\t\t\t\t<div class=\"elementor-element elementor-element-7adeee3 elementor-widget__width-initial elementor-widget-mobile__width-inherit elementor-invisible elementor-widget elementor-widget-heading\" data-id=\"7adeee3\" data-element_type=\"widget\" data-settings=\"{&quot;_animation&quot;:&quot;fadeIn&quot;}\" data-widget_type=\"heading.default\">\n\t\t\t\t\t<h2 class=\"elementor-heading-title elementor-size-default\">Disseny emocional amb impacte real<\/h2>\t\t\t\t<\/div>\n\t\t\t\t\t<\/div>\n\t\t\t\t<\/div>\n\t\t<div class=\"elementor-element elementor-element-49ff2ff e-flex e-con-boxed e-con e-parent\" data-id=\"49ff2ff\" data-element_type=\"container\">\n\t\t\t\t\t<div class=\"e-con-inner\">\n\t\t<div class=\"elementor-element elementor-element-3e5a860 e-con-full e-flex e-con e-child\" data-id=\"3e5a860\" data-element_type=\"container\">\n\t\t\t\t<div class=\"elementor-element elementor-element-75b03f7 hover-redondeo elementor-invisible elementor-widget elementor-widget-image\" data-id=\"75b03f7\" data-element_type=\"widget\" data-settings=\"{&quot;_animation&quot;:&quot;fadeIn&quot;}\" data-widget_type=\"image.default\">\n\t\t\t\t\t\t\t\t\t\t\t\t\t\t\t<img loading=\"lazy\" decoding=\"async\" width=\"575\" height=\"718\" src=\"https:\/\/www.citysenslab.com\/wp-content\/uploads\/2025\/10\/odos_odosdesign_httpss.mj_.run3O5URByleXc_Cozy_contemporary_in_ac07daf7-9349-4a4c-be4d-5e2d8adf082c_2-1.jpg\" class=\"attachment-full size-full wp-image-977\" alt=\"\" srcset=\"https:\/\/www.citysenslab.com\/wp-content\/uploads\/2025\/10\/odos_odosdesign_httpss.mj_.run3O5URByleXc_Cozy_contemporary_in_ac07daf7-9349-4a4c-be4d-5e2d8adf082c_2-1.jpg 575w, https:\/\/www.citysenslab.com\/wp-content\/uploads\/2025\/10\/odos_odosdesign_httpss.mj_.run3O5URByleXc_Cozy_contemporary_in_ac07daf7-9349-4a4c-be4d-5e2d8adf082c_2-1-240x300.jpg 240w\" sizes=\"(max-width: 575px) 100vw, 575px\" \/>\t\t\t\t\t\t\t\t\t\t\t\t\t\t\t<\/div>\n\t\t\t\t<div class=\"elementor-element elementor-element-f89b8c0 hover-redondeo elementor-invisible elementor-widget elementor-widget-image\" data-id=\"f89b8c0\" data-element_type=\"widget\" data-settings=\"{&quot;_animation&quot;:&quot;fadeIn&quot;}\" data-widget_type=\"image.default\">\n\t\t\t\t\t\t\t\t\t\t\t\t\t\t\t<img loading=\"lazy\" decoding=\"async\" width=\"1160\" height=\"1624\" src=\"https:\/\/www.citysenslab.com\/wp-content\/uploads\/2025\/10\/odos_odosdesign_httpss.mj_.runhwInmBGxolg_Minimalist_indoor_pati_0ef44179-4d69-4a0d-b1e7-35632665ed6b-1.jpg\" class=\"attachment-full size-full wp-image-735\" alt=\"\" srcset=\"https:\/\/www.citysenslab.com\/wp-content\/uploads\/2025\/10\/odos_odosdesign_httpss.mj_.runhwInmBGxolg_Minimalist_indoor_pati_0ef44179-4d69-4a0d-b1e7-35632665ed6b-1.jpg 1160w, https:\/\/www.citysenslab.com\/wp-content\/uploads\/2025\/10\/odos_odosdesign_httpss.mj_.runhwInmBGxolg_Minimalist_indoor_pati_0ef44179-4d69-4a0d-b1e7-35632665ed6b-1-214x300.jpg 214w, https:\/\/www.citysenslab.com\/wp-content\/uploads\/2025\/10\/odos_odosdesign_httpss.mj_.runhwInmBGxolg_Minimalist_indoor_pati_0ef44179-4d69-4a0d-b1e7-35632665ed6b-1-731x1024.jpg 731w, https:\/\/www.citysenslab.com\/wp-content\/uploads\/2025\/10\/odos_odosdesign_httpss.mj_.runhwInmBGxolg_Minimalist_indoor_pati_0ef44179-4d69-4a0d-b1e7-35632665ed6b-1-768x1075.jpg 768w, https:\/\/www.citysenslab.com\/wp-content\/uploads\/2025\/10\/odos_odosdesign_httpss.mj_.runhwInmBGxolg_Minimalist_indoor_pati_0ef44179-4d69-4a0d-b1e7-35632665ed6b-1-1097x1536.jpg 1097w\" sizes=\"(max-width: 1160px) 100vw, 1160px\" \/>\t\t\t\t\t\t\t\t\t\t\t\t\t\t\t<\/div>\n\t\t\t\t<\/div>\n\t\t\t\t<div class=\"elementor-element elementor-element-687e24c elementor-widget elementor-widget-spacer\" data-id=\"687e24c\" data-element_type=\"widget\" data-widget_type=\"spacer.default\">\n\t\t\t\t\t\t\t<div class=\"elementor-spacer\">\n\t\t\t<div class=\"elementor-spacer-inner\"><\/div>\n\t\t<\/div>\n\t\t\t\t\t\t<\/div>\n\t\t\t\t\t<\/div>\n\t\t\t\t<\/div>\n\t\t<div class=\"elementor-element elementor-element-3915ce3 e-flex e-con-boxed e-con e-parent\" data-id=\"3915ce3\" data-element_type=\"container\" data-settings=\"{&quot;background_background&quot;:&quot;classic&quot;,&quot;background_motion_fx_motion_fx_scrolling&quot;:&quot;yes&quot;,&quot;background_motion_fx_translateY_effect&quot;:&quot;yes&quot;,&quot;background_motion_fx_translateY_speed&quot;:{&quot;unit&quot;:&quot;px&quot;,&quot;size&quot;:4,&quot;sizes&quot;:[]},&quot;background_motion_fx_translateY_affectedRange&quot;:{&quot;unit&quot;:&quot;%&quot;,&quot;size&quot;:&quot;&quot;,&quot;sizes&quot;:{&quot;start&quot;:0,&quot;end&quot;:100}},&quot;background_motion_fx_devices&quot;:[&quot;desktop&quot;,&quot;laptop&quot;,&quot;tablet&quot;,&quot;mobile&quot;]}\">\n\t\t\t\t\t<div class=\"e-con-inner\">\n\t\t<div class=\"elementor-element elementor-element-77312dd e-con-full e-flex e-con e-child\" data-id=\"77312dd\" data-element_type=\"container\">\n\t\t\t\t<div class=\"elementor-element elementor-element-a4a52fb elementor-widget__width-inherit elementor-widget-mobile__width-inherit elementor-invisible elementor-widget elementor-widget-heading\" data-id=\"a4a52fb\" data-element_type=\"widget\" data-settings=\"{&quot;_animation&quot;:&quot;fadeIn&quot;}\" data-widget_type=\"heading.default\">\n\t\t\t\t\t<h2 class=\"elementor-heading-title elementor-size-default\">Treballem amb arquitectes i interioristes per transformar l'economia circular, l'impacte social, la biofilia, l'adaptabilitat i la practicitat en solucions tangibles.<\/h2>\t\t\t\t<\/div>\n\t\t\t\t<div class=\"elementor-element elementor-element-7462242 elementor-widget elementor-widget-spacer\" data-id=\"7462242\" data-element_type=\"widget\" data-widget_type=\"spacer.default\">\n\t\t\t\t\t\t\t<div class=\"elementor-spacer\">\n\t\t\t<div class=\"elementor-spacer-inner\"><\/div>\n\t\t<\/div>\n\t\t\t\t\t\t<\/div>\n\t\t\t\t<\/div>\n\t\t<div class=\"elementor-element elementor-element-71ba607 e-con-full e-flex e-con e-child\" data-id=\"71ba607\" data-element_type=\"container\">\n\t\t\t\t<div class=\"elementor-element elementor-element-7a7a103 elementor-widget__width-initial elementor-invisible elementor-widget elementor-widget-heading\" data-id=\"7a7a103\" data-element_type=\"widget\" data-settings=\"{&quot;_animation&quot;:&quot;fadeIn&quot;}\" data-widget_type=\"heading.default\">\n\t\t\t\t\t<p class=\"elementor-heading-title elementor-size-default\">La nova l\u00ednia de negoci neix dels valors de CitySens, transmetent una identitat basada en el benestar, la sostenibilitat i la flexibilitat en el disseny d\u2019oficines, espais de benestar i entorns col\u00b7laboratius.<\/p>\t\t\t\t<\/div>\n\t\t\t\t<div class=\"elementor-element elementor-element-01eb754 elementor-widget__width-initial elementor-invisible elementor-widget elementor-widget-heading\" data-id=\"01eb754\" data-element_type=\"widget\" data-settings=\"{&quot;_animation&quot;:&quot;fadeIn&quot;}\" data-widget_type=\"heading.default\">\n\t\t\t\t\t<p class=\"elementor-heading-title elementor-size-default\">El valor org\u00e0nic reflecteix la connexi\u00f3 amb la natura i la biof\u00edlia; el modular expressa adaptabilitat i transformaci\u00f3; el conscient reafirma el comprom\u00eds amb la sostenibilitat i l\u2019impacte positiu; i l\u2019innovador posa en relleu el disseny intel\u00b7ligent i la integraci\u00f3 tecnol\u00f2gica.\n<\/p>\t\t\t\t<\/div>\n\t\t\t\t<div class=\"elementor-element elementor-element-f026670 elementor-widget__width-initial elementor-invisible elementor-widget elementor-widget-heading\" data-id=\"f026670\" data-element_type=\"widget\" data-settings=\"{&quot;_animation&quot;:&quot;fadeIn&quot;}\" data-widget_type=\"heading.default\">\n\t\t\t\t\t<p class=\"elementor-heading-title elementor-size-default\">Aquests valors posicionen la marca com a referent en mobiliari per a espais flexibles i biof\u00edlics, amb una proposta definida per la tecnologia i experi\u00e8ncia digital integrada, el disseny funcional i premium, la sostenibilitat real i la modularitat personalitzable.<\/p>\t\t\t\t<\/div>\n\t\t\t\t<\/div>\n\t\t\t\t\t<\/div>\n\t\t\t\t<\/div>\n\t\t<div class=\"elementor-element elementor-element-c6b4a1b e-flex e-con-boxed e-con e-parent\" data-id=\"c6b4a1b\" data-element_type=\"container\" data-settings=\"{&quot;background_background&quot;:&quot;classic&quot;}\">\n\t\t\t\t\t<div class=\"e-con-inner\">\n\t\t\t\t<div class=\"elementor-element elementor-element-8017e39 elementor-widget elementor-widget-spacer\" data-id=\"8017e39\" data-element_type=\"widget\" data-widget_type=\"spacer.default\">\n\t\t\t\t\t\t\t<div class=\"elementor-spacer\">\n\t\t\t<div class=\"elementor-spacer-inner\"><\/div>\n\t\t<\/div>\n\t\t\t\t\t\t<\/div>\n\t\t\t\t<div class=\"elementor-element elementor-element-9c2df38 elementor-widget__width-initial elementor-widget-mobile__width-inherit elementor-invisible elementor-widget elementor-widget-heading\" data-id=\"9c2df38\" data-element_type=\"widget\" data-settings=\"{&quot;_animation&quot;:&quot;fadeIn&quot;}\" data-widget_type=\"heading.default\">\n\t\t\t\t\t<h2 class=\"elementor-heading-title elementor-size-default\">Producci\u00f3 local i economia circular<\/h2>\t\t\t\t<\/div>\n\t\t\t\t<div class=\"elementor-element elementor-element-ca17379 elementor-widget__width-initial elementor-invisible elementor-widget elementor-widget-heading\" data-id=\"ca17379\" data-element_type=\"widget\" data-settings=\"{&quot;_animation&quot;:&quot;fadeIn&quot;}\" data-widget_type=\"heading.default\">\n\t\t\t\t\t<p class=\"elementor-heading-title elementor-size-default\">Treballem amb materials reciclats i reciclables, oferint productes dissenyats per durar, evolucionar i ser reutilitzats, reduint el seu impacte ambiental.\n<\/p>\t\t\t\t<\/div>\n\t\t\t\t<div class=\"elementor-element elementor-element-da6d07a elementor-widget elementor-widget-spacer\" data-id=\"da6d07a\" data-element_type=\"widget\" data-widget_type=\"spacer.default\">\n\t\t\t\t\t\t\t<div class=\"elementor-spacer\">\n\t\t\t<div class=\"elementor-spacer-inner\"><\/div>\n\t\t<\/div>\n\t\t\t\t\t\t<\/div>\n\t\t<div class=\"elementor-element elementor-element-b0383a7 e-con-full e-flex e-con e-child\" data-id=\"b0383a7\" data-element_type=\"container\">\n\t\t<div class=\"elementor-element elementor-element-22864ba e-con-full e-flex e-con e-child\" data-id=\"22864ba\" data-element_type=\"container\">\n\t\t\t\t<div class=\"elementor-element elementor-element-d1564fe elementor-widget__width-initial elementor-invisible elementor-widget elementor-widget-heading\" data-id=\"d1564fe\" data-element_type=\"widget\" data-settings=\"{&quot;_animation&quot;:&quot;fadeIn&quot;}\" data-widget_type=\"heading.default\">\n\t\t\t\t\t<h2 class=\"elementor-heading-title elementor-size-default\">Tecnologia aplicada al benestar<\/h2>\t\t\t\t<\/div>\n\t\t\t\t<div class=\"elementor-element elementor-element-db1b165 elementor-widget__width-initial elementor-invisible elementor-widget elementor-widget-heading\" data-id=\"db1b165\" data-element_type=\"widget\" data-settings=\"{&quot;_animation&quot;:&quot;fadeIn&quot;}\" data-widget_type=\"heading.default\">\n\t\t\t\t\t<p class=\"elementor-heading-title elementor-size-default\">Sistemes biof\u00edlics que integren tecnologia d'autorreg per cuidar, acompanyar i protegir el creixement de les plantes.\n<\/p>\t\t\t\t<\/div>\n\t\t\t\t<\/div>\n\t\t\t\t<div class=\"elementor-element elementor-element-8f9eb70 elementor-widget__width-initial elementor-widget elementor-widget-qi_addons_for_elementor_button\" data-id=\"8f9eb70\" data-element_type=\"widget\" data-widget_type=\"qi_addons_for_elementor_button.default\">\n\t\t\t\t<div class=\"elementor-widget-container\">\n\t\t\t\t\t<a class=\"qodef-shortcode qodef-m qodef-qi-button qodef-html--link qodef-layout--filled qodef-type--standard qodef-size--full qodef-icon--left qodef-hover--icon-move-vertical\" href=\"http:\/\/www.citysenslab.com\/solucions\/\" target=\"_self\">\n\t<span class=\"qodef-m-text\">Saber m\u00e9s<\/span>\n\t\t<span class=\"qodef-m-icon\">\n\t\t<span class=\"qodef-m-icon-inner\">\n\t\t\t<svg xmlns=\"http:\/\/www.w3.org\/2000\/svg\" width=\"32\" height=\"33\" viewBox=\"0 0 32 33\" fill=\"none\"><circle cx=\"16\" cy=\"17\" r=\"13\" fill=\"#4D5725\"><\/circle><\/svg>\t\t\t\t\t\t\t<svg xmlns=\"http:\/\/www.w3.org\/2000\/svg\" width=\"32\" height=\"33\" viewBox=\"0 0 32 33\" fill=\"none\"><circle cx=\"16\" cy=\"17\" r=\"13\" fill=\"#4D5725\"><\/circle><\/svg>\t\t\t\t\t<\/span>\n\t<\/span>\n<\/a>\n\t\t\t\t<\/div>\n\t\t\t\t<\/div>\n\t\t\t\t<\/div>\n\t\t\t\t\t<\/div>\n\t\t\t\t<\/div>\n\t\t\t\t<\/div>\n\t\t","protected":false},"excerpt":{"rendered":"<p>Un laboratori on la natura, el disseny i les persones treballen juntes. A CitySens Lab proposem solucions biof\u00edliques que milloren [&hellip;]<\/p>\n","protected":false},"author":1,"featured_media":0,"parent":0,"menu_order":0,"comment_status":"closed","ping_status":"closed","template":"","meta":{"_acf_changed":false,"site-sidebar-layout":"no-sidebar","site-content-layout":"","ast-site-content-layout":"full-width-container","site-content-style":"default","site-sidebar-style":"default","ast-global-header-display":"","ast-banner-title-visibility":"","ast-main-header-display":"","ast-hfb-above-header-display":"","ast-hfb-below-header-display":"","ast-hfb-mobile-header-display":"","site-post-title":"","ast-breadcrumbs-content":"","ast-featured-img":"disabled","footer-sml-layout":"","theme-transparent-header-meta":"","adv-header-id-meta":"","stick-header-meta":"","header-above-stick-meta":"","header-main-stick-meta":"","header-below-stick-meta":"","astra-migrate-meta-layouts":"default","ast-page-background-enabled":"default","ast-page-background-meta":{"desktop":{"background-color":"var(--ast-global-color-5)","background-image":"","background-repeat":"repeat","background-position":"center center","background-size":"auto","background-attachment":"scroll","background-type":"","background-media":"","overlay-type":"","overlay-color":"","overlay-opacity":"","overlay-gradient":""},"tablet":{"background-color":"","background-image":"","background-repeat":"repeat","background-position":"center center","background-size":"auto","background-attachment":"scroll","background-type":"","background-media":"","overlay-type":"","overlay-color":"","overlay-opacity":"","overlay-gradient":""},"mobile":{"background-color":"","background-image":"","background-repeat":"repeat","background-position":"center center","background-size":"auto","background-attachment":"scroll","background-type":"","background-media":"","overlay-type":"","overlay-color":"","overlay-opacity":"","overlay-gradient":""}},"ast-content-background-meta":{"desktop":{"background-color":"var(--ast-global-color-4)","background-image":"","background-repeat":"repeat","background-position":"center center","background-size":"auto","background-attachment":"scroll","background-type":"","background-media":"","overlay-type":"","overlay-color":"","overlay-opacity":"","overlay-gradient":""},"tablet":{"background-color":"var(--ast-global-color-4)","background-image":"","background-repeat":"repeat","background-position":"center center","background-size":"auto","background-attachment":"scroll","background-type":"","background-media":"","overlay-type":"","overlay-color":"","overlay-opacity":"","overlay-gradient":""},"mobile":{"background-color":"var(--ast-global-color-4)","background-image":"","background-repeat":"repeat","background-position":"center center","background-size":"auto","background-attachment":"scroll","background-type":"","background-media":"","overlay-type":"","overlay-color":"","overlay-opacity":"","overlay-gradient":""}},"footnotes":""},"class_list":["post-176","page","type-page","status-publish","hentry"],"acf":[],"_links":{"self":[{"href":"https:\/\/www.citysenslab.com\/ca\/wp-json\/wp\/v2\/pages\/176","targetHints":{"allow":["GET"]}}],"collection":[{"href":"https:\/\/www.citysenslab.com\/ca\/wp-json\/wp\/v2\/pages"}],"about":[{"href":"https:\/\/www.citysenslab.com\/ca\/wp-json\/wp\/v2\/types\/page"}],"author":[{"embeddable":true,"href":"https:\/\/www.citysenslab.com\/ca\/wp-json\/wp\/v2\/users\/1"}],"replies":[{"embeddable":true,"href":"https:\/\/www.citysenslab.com\/ca\/wp-json\/wp\/v2\/comments?post=176"}],"version-history":[{"count":154,"href":"https:\/\/www.citysenslab.com\/ca\/wp-json\/wp\/v2\/pages\/176\/revisions"}],"predecessor-version":[{"id":1025,"href":"https:\/\/www.citysenslab.com\/ca\/wp-json\/wp\/v2\/pages\/176\/revisions\/1025"}],"wp:attachment":[{"href":"https:\/\/www.citysenslab.com\/ca\/wp-json\/wp\/v2\/media?parent=176"}],"curies":[{"name":"wp","href":"https:\/\/api.w.org\/{rel}","templated":true}]}}