{"id":3,"date":"2025-09-29T16:46:32","date_gmt":"2025-09-29T14:46:32","guid":{"rendered":"http:\/\/www.citysenslab.com\/?page_id=3"},"modified":"2025-12-03T11:44:48","modified_gmt":"2025-12-03T10:44:48","slug":"politica-privacidad","status":"publish","type":"page","link":"https:\/\/www.citysenslab.com\/ca\/politica-privacidad\/","title":{"rendered":"Pol\u00edtica de privacidad"},"content":{"rendered":"\t\t<div data-elementor-type=\"wp-page\" data-elementor-id=\"3\" class=\"elementor elementor-3\" data-elementor-post-type=\"page\">\n\t\t\t\t<div class=\"elementor-element elementor-element-85fdabd e-flex e-con-boxed e-con e-parent\" data-id=\"85fdabd\" data-element_type=\"container\">\n\t\t\t\t\t<div class=\"e-con-inner\">\n\t\t\t\t<div class=\"elementor-element elementor-element-3ac1aa6 elementor-widget elementor-widget-heading\" data-id=\"3ac1aa6\" data-element_type=\"widget\" data-widget_type=\"heading.default\">\n\t\t\t\t\t<h1 class=\"elementor-heading-title elementor-size-default\">Pol\u00edtica de privacidad<\/h1>\t\t\t\t<\/div>\n\t\t\t\t<div class=\"elementor-element elementor-element-b07b5e1 elementor-widget elementor-widget-text-editor\" data-id=\"b07b5e1\" data-element_type=\"widget\" data-widget_type=\"text-editor.default\">\n\t\t\t\t\t\t\t\t\t<p><span style=\"font-weight: 400;\">Informaci\u00f3 general<\/span><\/p><p><span style=\"font-weight: 400;\">Aquesta Pol\u00edtica de Privacitat i Cookies \u00e9s aplicable a totes les dades de car\u00e0cter personal que tu, com a usuari, (entenent-se usuari com a tota persona f\u00edsica que accedeixi al lloc web) ens proporciones a Citysens Designs S.L. quan accedeixes a https:\/\/citysens.com, d&#8217;ara endavant la \u201cWeb\u201d. L&#8217;objectiu d&#8217;aquesta Pol\u00edtica de Privacitat i Cookies \u00e9s informar-te sobre com tractem les teves dades personals com a usuari, aix\u00ed com explicar-te els drets que t&#8217;assisteixen conforme al Reglament General de Protecci\u00f3 de Dades i altres normatives aplicables en mat\u00e8ria de protecci\u00f3 de dades.<\/span><\/p><p><span style=\"font-weight: 400;\">Qui \u00e9s el responsable?<\/span><\/p><p><span style=\"font-weight: 400;\">El responsable del tractament de les dades personals recollides a trav\u00e9s de la Web \u00e9s Citysens Designs S.L., amb n\u00famero d&#8217;identificaci\u00f3 fiscal B55659205 i domicili social a C\/ Pere Martell 39, 2-6 Tarragona, Tarragona 43005, Espanya.<\/span><\/p><p><span style=\"font-weight: 400;\">Per a qu\u00e8 demanem les teves dades?<\/span><\/p><p><span style=\"font-weight: 400;\">Finalitat \u2014 Descripci\u00f3 \u2014 Dades\u00a0\u00a0<\/span><\/p><p><span style=\"font-weight: 400;\">&#8211; Gestionar el registre o alta a la web: Per enregistrar un usuari, donar-li d&#8217;alta, identificar-lo i poder donar-li acc\u00e9s a les funcionalitats que li corresponguin a la web. \u2014 Correu electr\u00f2nic.\u00a0\u00a0<\/span><\/p><p><span style=\"font-weight: 400;\">&#8211; Contacte amb l&#8217;usuari: Atendre les consultes que es fan a trav\u00e9s del formulari de contacte, de reclamaci\u00f3 o altres canals d&#8217;atenci\u00f3 al client. \u2014 Nom i\/o cognoms, Correu electr\u00f2nic.\u00a0\u00a0<\/span><\/p><p><span style=\"font-weight: 400;\">&#8211; Per a fins de m\u00e0rqueting: Per dur a terme accions promocionals dels nostres productes o serveis, segons el consentiment expressat per l&#8217;usuari i la informaci\u00f3 facilitada en el moment de la recollida del mateix. Personalitzar els serveis que t&#8217;oferim i poder fer-te recomanacions en funci\u00f3 de la teva interacci\u00f3 amb nosaltres a la web i de l&#8217;an\u00e0lisi del teu perfil d&#8217;usuari (per exemple, en base al teu historial de compra i navegaci\u00f3).\u00a0\u00a0<\/span><\/p><p><span style=\"font-weight: 400;\">&#8211; Mostrar-te publicitat a Internet que podr\u00e0s veure quan naveguis en llocs web i apps, per exemple, en xarxes socials. La publicitat que vegis es pot mostrar de manera aleat\u00f2ria, per\u00f2 en altres ocasions es tracta de publicitat que pot estar relacionada amb el teu historial de compra, prefer\u00e8ncies i navegaci\u00f3. \u2014 Nom i\/o cognoms, Correu electr\u00f2nic.\u00a0\u00a0<\/span><\/p><p><span style=\"font-weight: 400;\">&#8211; Alta de la newsletter: Gestionar la subscripci\u00f3 a la newsletter, podent incloure l&#8217;enviament d&#8217;informaci\u00f3 personalitzada sobre altres productes i serveis pels mitjans (SMS, correu electr\u00f2nic, etc.) que s&#8217;autoritza en el formulari d&#8217;alta. Pots donar-te de baixa de la newsletter en qualsevol moment. \u2014 Correu electr\u00f2nic.<\/span><\/p><p><span style=\"font-weight: 400;\">Quina \u00e9s la nostra legitimaci\u00f3 per al tractament de dades?<\/span><\/p><p><span style=\"font-weight: 400;\">La nostra base de legitimaci\u00f3 per al tractament de les dades de car\u00e0cter personal \u00e9s la seg\u00fcent:\u00a0\u00a0<\/span><\/p><p><span style=\"font-weight: 400;\">&#8211; El consentiment: si has atorgat el consentiment expr\u00e9s en el moment d&#8217;introduir les dades de car\u00e0cter personal en marcar la casella corresponent.\u00a0\u00a0<\/span><\/p><p><span style=\"font-weight: 400;\">&#8211; L&#8217;execuci\u00f3 d&#8217;un contracte: si existeix una relaci\u00f3 contractual entre tu i Citysens Designs S.L., o b\u00e9, el tractament de les dades de car\u00e0cter personal \u00e9s necessari per al desenvolupament de la relaci\u00f3 comercial.\u00a0\u00a0<\/span><\/p><p><span style=\"font-weight: 400;\">&#8211; El compliment d&#8217;una obligaci\u00f3 legal: en aquells casos en qu\u00e8 a Citysens Designs S.L. tinguem una obligaci\u00f3 legal que ens sigui aplicable com a responsables del tractament.\u00a0\u00a0<\/span><\/p><p><span style=\"font-weight: 400;\">&#8211; L&#8217;inter\u00e8s leg\u00edtim: en aquells casos en qu\u00e8 existeixi un inter\u00e8s leg\u00edtim propi o de tercers relacionat amb el funcionament de la Web o la prestaci\u00f3 de serveis a l&#8217;usuari, sempre que els interessos i drets fonamentals dels usuaris no prevalguin sobre l&#8217;inter\u00e8s leg\u00edtim.<\/span><\/p><p><span style=\"font-weight: 400;\">Durant quant de temps conservarem les teves dades?<\/span><\/p><p><span style=\"font-weight: 400;\">Les dades de car\u00e0cter personal que recollim a trav\u00e9s de la Web seran tractades i conservades durant el temps necessari per a executar la finalitat per la qual han estat recollides. M\u00e9s concretament, aquelles dades que recollim per al desenvolupament i execuci\u00f3 d&#8217;un contracte amb tu, es conservaran mentre la relaci\u00f3 contractual segueixi vigent, per\u00f2 aquelles dades personals que recollim en exercici de l&#8217;inter\u00e8s leg\u00edtim o amb el teu consentiment les conservarem nom\u00e9s durant el temps necessari per complir amb aquesta finalitat. Un cop transcorregut el termini estrictament necessari per a l&#8217;execuci\u00f3 de les finalitats que hem descrit anteriorment, conservarem durant un termini addicional les dades de car\u00e0cter personal, que ser\u00e0 fins que hagin prescrit totes les accions que poguessin sorgir de la nostra responsabilitat derivada de cadascun dels tractaments.<\/span><\/p><p><span style=\"font-weight: 400;\">Compartim les teves dades amb tercers?<\/span><\/p><p><span style=\"font-weight: 400;\">Amb l&#8217;objectiu de dur a terme les finalitats descrites anteriorment, \u00e9s necessari que donem acc\u00e9s a les teves dades personals a altres prove\u00efdors de serveis, que actuaran com a nostres encarregats del tractament, com s\u00f3n:\u00a0\u00a0<\/span><\/p><p><span style=\"font-weight: 400;\">&#8211; Prove\u00efdors i col\u00b7laboradors de serveis relacionats amb m\u00e0rqueting i publicitat (impressi\u00f3 i distribuci\u00f3, plataformes de xarxes socials, ag\u00e8ncies de mitjans de comunicaci\u00f3 o ag\u00e8ncies de publicitat, empreses d&#8217;an\u00e0lisi de dades i ag\u00e8ncies de relacions p\u00fabliques)\u00a0\u00a0<\/span><\/p><p><span style=\"font-weight: 400;\">&#8211; Prove\u00efdors i col\u00b7laboradors de serveis de log\u00edstica, transport i entrega\u00a0\u00a0<\/span><\/p><p><span style=\"font-weight: 400;\">&#8211; Prove\u00efdors de serveis tecnol\u00f2gics i anal\u00edtics\u00a0\u00a0<\/span><\/p><p><span style=\"font-weight: 400;\">&#8211; Prove\u00efdors de serveis relacionats amb l&#8217;atenci\u00f3 al client<\/span><\/p><p><span style=\"font-weight: 400;\">Hem subscrit un acord amb les empreses que actuen com a encarregats del tractament en el qual es regula la gesti\u00f3 i el tractament de les dades de car\u00e0cter personal dels usuaris, aix\u00ed com l&#8217;adequaci\u00f3 de les mesures de seguretat adoptades. En aquells casos en qu\u00e8 h\u00e0gim de realitzar transfer\u00e8ncies a tercers amb seu o servidors fora de la Uni\u00f3 Europea o l&#8217;Espai Econ\u00f2mic Europeu (Isl\u00e0ndia, Noruega o Liechtenstein), i que aquest pa\u00eds no ofereixi un nivell de protecci\u00f3 de les dades personals equivalent al de la Uni\u00f3 Europea, transferirem les teves dades personals respectant en tot moment les garanties adequades i mantenint els est\u00e0ndards de seguretat, d&#8217;acord amb la normativa aplicable. Quan es realitzin aquestes transfer\u00e8ncies des de la UE\/EEE a un tercer pa\u00eds per al qual la Comissi\u00f3 Europea no hagi em\u00e8s una Decisi\u00f3 d&#8217;Adequaci\u00f3, o no comptem amb unes Normes Corporatives Vinculants, complirem amb el disposat per a aquests casos per la Comissi\u00f3 Europea per oferir-te les garanties adequades, i sempre que procedeixi, subscriguem les Cl\u00e0usules Contractuals Est\u00e0ndard i fins i tot implementarem mesures de protecci\u00f3 addicionals quan sigui necessari. Si vols m\u00e9s informaci\u00f3 sobre la transfer\u00e8ncia de dades personals que realitzem a pa\u00efsos fora de la UE\/EEA, pots contactar-nos a trav\u00e9s del seg\u00fcent correu electr\u00f2nic: hola@citysens.com<\/span><\/p><p><span style=\"font-weight: 400;\">Quins s\u00f3n els teus drets?<\/span><\/p><p><span style=\"font-weight: 400;\">Podr\u00e0s exercir els seg\u00fcents drets en qualsevol moment i de forma gratu\u00efta:\u00a0\u00a0<\/span><\/p><p><span style=\"font-weight: 400;\">&#8211; Acc\u00e9s: per con\u00e8ixer quines dades conservem i qu\u00e8 fem amb elles.\u00a0\u00a0<\/span><\/p><p><span style=\"font-weight: 400;\">&#8211; Rectificaci\u00f3: per informar-nos d&#8217;algun dada inexacte.\u00a0\u00a0<\/span><\/p><p><span style=\"font-weight: 400;\">&#8211; Supressi\u00f3: perqu\u00e8 eliminem les teves dades personals, en la mesura del possible.\u00a0\u00a0<\/span><\/p><p><span style=\"font-weight: 400;\">&#8211; Oposici\u00f3: perqu\u00e8 deixem de tractar les teves dades personals per a una de les finalitats esmentades anteriorment, sempre que no existeixi una obligaci\u00f3 legal que ho impedeixi.\u00a0\u00a0<\/span><\/p><p>\u00a0<\/p><p><span style=\"font-weight: 400;\">&#8211; Portabilitat: perqu\u00e8 transfegim les teves dades personals a un tercer, en la mesura possible.\u00a0\u00a0<\/span><\/p><p><span style=\"font-weight: 400;\">&#8211; Limitaci\u00f3: perqu\u00e8 suspenguem les teves dades quan impugnis l&#8217;exactitud de les mateixes, o vulguis que les conservem per exercir alguna acci\u00f3.\u00a0\u00a0<\/span><\/p><p><span style=\"font-weight: 400;\">&#8211; A no ser objecte de decisions basades \u00fanicament en el tractament automatitzat de les teves dades.<\/span><\/p><p><span style=\"font-weight: 400;\">Pots exercir qualsevol d&#8217;aquests drets de forma gratu\u00efta accedint aqu\u00ed. Si nosaltres no respectem degudament aquests drets com a responsables, t&#8217;informem que pots presentar una reclamaci\u00f3 davant l&#8217;autoritat de control en mat\u00e8ria de protecci\u00f3 de dades a la Agencia Espa\u00f1ola de Protecci\u00f3n de Datos (AEPD), C\/Jorge Juan, 6, 28001 Madrid o a l&#8217;adre\u00e7a de correu electr\u00f2nic internacional@aepd.es.<\/span><\/p><p><span style=\"font-weight: 400;\">Confidencialitat i mesures de seguretat<\/span><\/p><p><span style=\"font-weight: 400;\">Citysens Designs S.L., com a responsable del tractament, ens comprometem a respectar la confidencialitat de les dades de car\u00e0cter personal dels usuaris i a utilitzar-les conforme les finalitats per a les quals han estat recollides. Hem adoptat totes les mesures de seguretat t\u00e8cniques i organitzatives adequades a la naturalesa de les dades que s\u00f3n objecte de tractament i que requereix la normativa de protecci\u00f3 de dades.<\/span><\/p>\t\t\t\t\t\t\t\t<\/div>\n\t\t\t\t<div class=\"elementor-element elementor-element-cfca46b elementor-widget elementor-widget-spacer\" data-id=\"cfca46b\" data-element_type=\"widget\" data-widget_type=\"spacer.default\">\n\t\t\t\t\t\t\t<div class=\"elementor-spacer\">\n\t\t\t<div class=\"elementor-spacer-inner\"><\/div>\n\t\t<\/div>\n\t\t\t\t\t\t<\/div>\n\t\t\t\t\t<\/div>\n\t\t\t\t<\/div>\n\t\t\t\t<\/div>\n\t\t","protected":false},"excerpt":{"rendered":"<p>Informaci\u00f3 general Aquesta Pol\u00edtica de Privacitat i Cookies \u00e9s aplicable a totes les dades de car\u00e0cter personal que tu, com [&hellip;]<\/p>\n","protected":false},"author":1,"featured_media":0,"parent":0,"menu_order":0,"comment_status":"closed","ping_status":"closed","template":"","meta":{"_acf_changed":false,"site-sidebar-layout":"no-sidebar","site-content-layout":"","ast-site-content-layout":"full-width-container","site-content-style":"default","site-sidebar-style":"default","ast-global-header-display":"","ast-banner-title-visibility":"","ast-main-header-display":"","ast-hfb-above-header-display":"","ast-hfb-below-header-display":"","ast-hfb-mobile-header-display":"","site-post-title":"disabled","ast-breadcrumbs-content":"","ast-featured-img":"disabled","footer-sml-layout":"","theme-transparent-header-meta":"","adv-header-id-meta":"","stick-header-meta":"","header-above-stick-meta":"","header-main-stick-meta":"","header-below-stick-meta":"","astra-migrate-meta-layouts":"default","ast-page-background-enabled":"default","ast-page-background-meta":{"desktop":{"background-color":"var(--ast-global-color-5)","background-image":"","background-repeat":"repeat","background-position":"center center","background-size":"auto","background-attachment":"scroll","background-type":"","background-media":"","overlay-type":"","overlay-color":"","overlay-opacity":"","overlay-gradient":""},"tablet":{"background-color":"","background-image":"","background-repeat":"repeat","background-position":"center center","background-size":"auto","background-attachment":"scroll","background-type":"","background-media":"","overlay-type":"","overlay-color":"","overlay-opacity":"","overlay-gradient":""},"mobile":{"background-color":"","background-image":"","background-repeat":"repeat","background-position":"center center","background-size":"auto","background-attachment":"scroll","background-type":"","background-media":"","overlay-type":"","overlay-color":"","overlay-opacity":"","overlay-gradient":""}},"ast-content-background-meta":{"desktop":{"background-color":"var(--ast-global-color-4)","background-image":"","background-repeat":"repeat","background-position":"center center","background-size":"auto","background-attachment":"scroll","background-type":"","background-media":"","overlay-type":"","overlay-color":"","overlay-opacity":"","overlay-gradient":""},"tablet":{"background-color":"var(--ast-global-color-4)","background-image":"","background-repeat":"repeat","background-position":"center center","background-size":"auto","background-attachment":"scroll","background-type":"","background-media":"","overlay-type":"","overlay-color":"","overlay-opacity":"","overlay-gradient":""},"mobile":{"background-color":"var(--ast-global-color-4)","background-image":"","background-repeat":"repeat","background-position":"center center","background-size":"auto","background-attachment":"scroll","background-type":"","background-media":"","overlay-type":"","overlay-color":"","overlay-opacity":"","overlay-gradient":""}},"footnotes":""},"class_list":["post-3","page","type-page","status-publish","hentry"],"acf":[],"_links":{"self":[{"href":"https:\/\/www.citysenslab.com\/ca\/wp-json\/wp\/v2\/pages\/3","targetHints":{"allow":["GET"]}}],"collection":[{"href":"https:\/\/www.citysenslab.com\/ca\/wp-json\/wp\/v2\/pages"}],"about":[{"href":"https:\/\/www.citysenslab.com\/ca\/wp-json\/wp\/v2\/types\/page"}],"author":[{"embeddable":true,"href":"https:\/\/www.citysenslab.com\/ca\/wp-json\/wp\/v2\/users\/1"}],"replies":[{"embeddable":true,"href":"https:\/\/www.citysenslab.com\/ca\/wp-json\/wp\/v2\/comments?post=3"}],"version-history":[{"count":7,"href":"https:\/\/www.citysenslab.com\/ca\/wp-json\/wp\/v2\/pages\/3\/revisions"}],"predecessor-version":[{"id":1421,"href":"https:\/\/www.citysenslab.com\/ca\/wp-json\/wp\/v2\/pages\/3\/revisions\/1421"}],"wp:attachment":[{"href":"https:\/\/www.citysenslab.com\/ca\/wp-json\/wp\/v2\/media?parent=3"}],"curies":[{"name":"wp","href":"https:\/\/api.w.org\/{rel}","templated":true}]}}