{"id":1554,"date":"2025-12-03T11:53:45","date_gmt":"2025-12-03T10:53:45","guid":{"rendered":"https:\/\/www.citysenslab.com\/politica-de-cookies\/"},"modified":"2026-03-20T15:51:13","modified_gmt":"2026-03-20T14:51:13","slug":"politica-de-cookies","status":"publish","type":"page","link":"https:\/\/www.citysenslab.com\/fr\/politica-de-cookies\/","title":{"rendered":"Politique de cookies"},"content":{"rendered":"\t\t<div data-elementor-type=\"wp-page\" data-elementor-id=\"1554\" class=\"elementor elementor-1554 elementor-1430\" data-elementor-post-type=\"page\">\n\t\t\t\t<div class=\"elementor-element elementor-element-85fdabd e-flex e-con-boxed e-con e-parent\" data-id=\"85fdabd\" data-element_type=\"container\">\n\t\t\t\t\t<div class=\"e-con-inner\">\n\t\t\t\t<div class=\"elementor-element elementor-element-3ac1aa6 elementor-widget elementor-widget-heading\" data-id=\"3ac1aa6\" data-element_type=\"widget\" data-widget_type=\"heading.default\">\n\t\t\t\t\t<h1 class=\"elementor-heading-title elementor-size-default\">Politique de cookies<\/h1>\t\t\t\t<\/div>\n\t\t\t\t<div class=\"elementor-element elementor-element-b07b5e1 elementor-widget elementor-widget-text-editor\" data-id=\"b07b5e1\" data-element_type=\"widget\" data-widget_type=\"text-editor.default\">\n\t\t\t\t\t\t\t\t\t<p><span style=\"font-weight: 400;\">Antes de empezar, \u00bfqu\u00e9 es una cookie? \u00bfQu\u00e9 tipos de cookies existen?<\/span><\/p><p><span style=\"font-weight: 400;\">Una cookie es un peque\u00f1o archivo de texto que los sitios web instalan en el ordenador o dispositivo m\u00f3vil de los usuarios que los visitan. Las cookies se utilizan generalmente para hacer que las p\u00e1ginas web funcionen, o lo hagan m\u00e1s eficientemente, as\u00ed como para recabar informaci\u00f3n acerca de su uso.<\/span><\/p><p><span style=\"font-weight: 400;\">Las cookies pueden clasificarse de la siguiente forma:\u00a0\u00a0<\/span><\/p><p><span style=\"font-weight: 400;\">&#8211; Seg\u00fan la entidad que las gestione: cookies propias y de terceros;\u00a0\u00a0<\/span><\/p><p><span style=\"font-weight: 400;\">&#8211; Por el plazo que permanecen activadas: cookies de sesi\u00f3n y persistentes;\u00a0\u00a0<\/span><\/p><p><span style=\"font-weight: 400;\">&#8211; Seg\u00fan su finalidad: t\u00e9cnicas, de preferencia o personalizaci\u00f3n, de an\u00e1lisis y de m\u00e1rquetin.<\/span><\/p><p><span style=\"font-weight: 400;\">\u00bfQu\u00e9 cookies utilizamos?<\/span><\/p><p><span style=\"font-weight: 400;\">En la siguiente tabla se explican las cookies que utilizamos y para qu\u00e9:<\/span><\/p><p><span style=\"font-weight: 400;\">| Nombre | Funci\u00f3n | Titular | Dominio | Duraci\u00f3n |<\/span><\/p><p><span style=\"font-weight: 400;\">|&#8212;|&#8212;|&#8212;|&#8212;|&#8212;|<\/span><\/p><p><span style=\"font-weight: 400;\">| _ga_YB6GBX1H2E | An\u00e1lisis o medici\u00f3n | Google | citysens.com | 729d |<\/span><\/p><p><span style=\"font-weight: 400;\">| _ga | An\u00e1lisis o medici\u00f3n | Google | citysens.com | 729d |<\/span><\/p><p><span style=\"font-weight: 400;\">| uuid | Publicidad comportamental | MediaMath | sibautomation.com | 181d |<\/span><\/p><p><span style=\"font-weight: 400;\">| sib_cuid | Publicidad comportamental | Google | www.citysens.com | session |<\/span><\/p><p><span style=\"font-weight: 400;\">| _gcl_au | Publicidad comportamental | Google | citysens.com | 89d |<\/span><\/p><p><span style=\"font-weight: 400;\">| _fbp | Publicidad comportamental | Facebook | citysens.com | 89d |<\/span><\/p><p><span style=\"font-weight: 400;\">| PrestaShop-302e7eabea5e793bc7a217296a125981 | Estrictamente Necesarias | PrestaShop | www.citysens.com | 19d |<\/span><\/p><p><span style=\"font-weight: 400;\">| PHPSESSID | Estrictamente Necesarias | PHP.net | www.citysens.com | session |<\/span><\/p><p><span style=\"font-weight: 400;\">| _fbp | Publicidad comportamental | Facebook | com | session |<\/span><\/p><p><span style=\"font-weight: 400;\">| CookieConsent | Estrictamente Necesarias | Cookiebot | www.citysens.com | session |<\/span><\/p><p><span style=\"font-weight: 400;\">| IDE | Publicidad comportamental | Google | doubleclick.net | 389d |<\/span><\/p><p><span style=\"font-weight: 400;\">| lawwwing-consent | Estrictamente Necesarias | Lawwwing | citysens.com | 364d |<\/span><\/p><p><span style=\"font-weight: 400;\">| test_cookie | Estrictamente Necesarias | Google | doubleclick.net | session |<\/span><\/p><p><span style=\"font-weight: 400;\">| lawwwing-consent-v2 | Estrictamente Necesarias | Lawwwing | citysens.com | 364d |<\/span><\/p><p>\u00a0<\/p><p><span style=\"font-weight: 400;\">| lawwwing-session | Estrictamente Necesarias | Lawwwing | citysens.com | 364d |<\/span><\/p><p><span style=\"font-weight: 400;\">Eliminar las cookies<\/span><\/p><p><span style=\"font-weight: 400;\">La mayor\u00eda de los navegadores web permiten cierto control de la mayor\u00eda de las cookies a trav\u00e9s de la configuraci\u00f3n del navegador. Puedes configurar las cookies en los navegadores m\u00e1s comunes siguiendo sus instrucciones:\u00a0\u00a0<\/span><\/p><p><span style=\"font-weight: 400;\">&#8211; Google Chrome\u00a0\u00a0<\/span><\/p><p><span style=\"font-weight: 400;\">&#8211; Microsoft Edge\u00a0\u00a0<\/span><\/p><p><span style=\"font-weight: 400;\">&#8211; Mozilla Firefox\u00a0\u00a0<\/span><\/p><p><span style=\"font-weight: 400;\">&#8211; Microsoft Internet Explorer\u00a0\u00a0<\/span><\/p><p><span style=\"font-weight: 400;\">&#8211; Opera\u00a0\u00a0<\/span><\/p><p><span style=\"font-weight: 400;\">&#8211; Apple Safari\u00a0\u00a0<\/span><\/p><p><span style=\"font-weight: 400;\">Para encontrar informaci\u00f3n relacionada con otros navegadores, puedes visitar la p\u00e1gina web del navegador correspondiente.<\/span><\/p><p><span style=\"font-weight: 400;\">En https:\/\/citysens.com utilizamos Google Consent Mode v2 para transmitir los consentimientos a los diferentes prop\u00f3sitos. M\u00e1s informaci\u00f3n aqu\u00ed.<\/span><\/p><p><span style=\"font-weight: 400;\">Cambios en la Pol\u00edtica de Privacidad y Cookies<\/span><\/p><p><span style=\"font-weight: 400;\">Esta Pol\u00edtica de Privacidad y Cookies fue actualizada por \u00faltima vez el 29\/05\/2025, Citysens Designs S.L. se reserva el derecho a actualizar y modificar algunos extremos de la misma para adaptarla a las novedades legislativas y jurisprudenciales por lo que te recomendamos revisarla peri\u00f3dicamente.<\/span><\/p><p><span style=\"font-weight: 400;\">Copyright \u00a9 2025\u00a0\u00a0<\/span><\/p><p><br \/><br \/><br \/><\/p>\t\t\t\t\t\t\t\t<\/div>\n\t\t\t\t<div class=\"elementor-element elementor-element-73d8458 elementor-widget elementor-widget-spacer\" data-id=\"73d8458\" data-element_type=\"widget\" data-widget_type=\"spacer.default\">\n\t\t\t\t\t\t\t<div class=\"elementor-spacer\">\n\t\t\t<div class=\"elementor-spacer-inner\"><\/div>\n\t\t<\/div>\n\t\t\t\t\t\t<\/div>\n\t\t\t\t\t<\/div>\n\t\t\t\t<\/div>\n\t\t\t\t<\/div>\n\t\t","protected":false},"excerpt":{"rendered":"<p>Antes de empezar, \u00bfqu\u00e9 es una cookie? \u00bfQu\u00e9 tipos de cookies existen? Una cookie es un peque\u00f1o archivo de texto [&hellip;]<\/p>\n","protected":false},"author":1,"featured_media":0,"parent":0,"menu_order":0,"comment_status":"closed","ping_status":"closed","template":"","meta":{"_acf_changed":false,"site-sidebar-layout":"no-sidebar","site-content-layout":"","ast-site-content-layout":"full-width-container","site-content-style":"default","site-sidebar-style":"default","ast-global-header-display":"","ast-banner-title-visibility":"","ast-main-header-display":"","ast-hfb-above-header-display":"","ast-hfb-below-header-display":"","ast-hfb-mobile-header-display":"","site-post-title":"disabled","ast-breadcrumbs-content":"","ast-featured-img":"disabled","footer-sml-layout":"","theme-transparent-header-meta":"","adv-header-id-meta":"","stick-header-meta":"","header-above-stick-meta":"","header-main-stick-meta":"","header-below-stick-meta":"","astra-migrate-meta-layouts":"default","ast-page-background-enabled":"default","ast-page-background-meta":{"desktop":{"background-color":"var(--ast-global-color-5)","background-image":"","background-repeat":"repeat","background-position":"center center","background-size":"auto","background-attachment":"scroll","background-type":"","background-media":"","overlay-type":"","overlay-color":"","overlay-opacity":"","overlay-gradient":""},"tablet":{"background-color":"","background-image":"","background-repeat":"repeat","background-position":"center center","background-size":"auto","background-attachment":"scroll","background-type":"","background-media":"","overlay-type":"","overlay-color":"","overlay-opacity":"","overlay-gradient":""},"mobile":{"background-color":"","background-image":"","background-repeat":"repeat","background-position":"center center","background-size":"auto","background-attachment":"scroll","background-type":"","background-media":"","overlay-type":"","overlay-color":"","overlay-opacity":"","overlay-gradient":""}},"ast-content-background-meta":{"desktop":{"background-color":"var(--ast-global-color-4)","background-image":"","background-repeat":"repeat","background-position":"center center","background-size":"auto","background-attachment":"scroll","background-type":"","background-media":"","overlay-type":"","overlay-color":"","overlay-opacity":"","overlay-gradient":""},"tablet":{"background-color":"var(--ast-global-color-4)","background-image":"","background-repeat":"repeat","background-position":"center center","background-size":"auto","background-attachment":"scroll","background-type":"","background-media":"","overlay-type":"","overlay-color":"","overlay-opacity":"","overlay-gradient":""},"mobile":{"background-color":"var(--ast-global-color-4)","background-image":"","background-repeat":"repeat","background-position":"center center","background-size":"auto","background-attachment":"scroll","background-type":"","background-media":"","overlay-type":"","overlay-color":"","overlay-opacity":"","overlay-gradient":""}},"footnotes":""},"class_list":["post-1554","page","type-page","status-publish","hentry"],"acf":[],"_links":{"self":[{"href":"https:\/\/www.citysenslab.com\/fr\/wp-json\/wp\/v2\/pages\/1554","targetHints":{"allow":["GET"]}}],"collection":[{"href":"https:\/\/www.citysenslab.com\/fr\/wp-json\/wp\/v2\/pages"}],"about":[{"href":"https:\/\/www.citysenslab.com\/fr\/wp-json\/wp\/v2\/types\/page"}],"author":[{"embeddable":true,"href":"https:\/\/www.citysenslab.com\/fr\/wp-json\/wp\/v2\/users\/1"}],"replies":[{"embeddable":true,"href":"https:\/\/www.citysenslab.com\/fr\/wp-json\/wp\/v2\/comments?post=1554"}],"version-history":[{"count":1,"href":"https:\/\/www.citysenslab.com\/fr\/wp-json\/wp\/v2\/pages\/1554\/revisions"}],"predecessor-version":[{"id":1665,"href":"https:\/\/www.citysenslab.com\/fr\/wp-json\/wp\/v2\/pages\/1554\/revisions\/1665"}],"wp:attachment":[{"href":"https:\/\/www.citysenslab.com\/fr\/wp-json\/wp\/v2\/media?parent=1554"}],"curies":[{"name":"wp","href":"https:\/\/api.w.org\/{rel}","templated":true}]}}