{"id":1562,"date":"2025-10-08T12:45:02","date_gmt":"2025-10-08T10:45:02","guid":{"rendered":"https:\/\/www.citysenslab.com\/aviso-legal\/"},"modified":"2026-03-25T12:31:39","modified_gmt":"2026-03-25T11:31:39","slug":"aviso-legal","status":"publish","type":"page","link":"https:\/\/www.citysenslab.com\/fr\/aviso-legal\/","title":{"rendered":"Mentions l\u00e9gales"},"content":{"rendered":"\t\t<div data-elementor-type=\"wp-page\" data-elementor-id=\"1562\" class=\"elementor elementor-1562 elementor-1029\" data-elementor-post-type=\"page\">\n\t\t\t\t<div class=\"elementor-element elementor-element-12c0c27a e-flex e-con-boxed e-con e-parent\" data-id=\"12c0c27a\" data-element_type=\"container\">\n\t\t\t\t\t<div class=\"e-con-inner\">\n\t\t\t\t<div class=\"elementor-element elementor-element-66bac78 elementor-widget elementor-widget-heading\" data-id=\"66bac78\" data-element_type=\"widget\" data-widget_type=\"heading.default\">\n\t\t\t\t\t<h1 class=\"elementor-heading-title elementor-size-default\">Mentions l\u00e9gales<\/h1>\t\t\t\t<\/div>\n\t\t\t\t<div class=\"elementor-element elementor-element-ba7a8be elementor-widget elementor-widget-text-editor\" data-id=\"ba7a8be\" data-element_type=\"widget\" data-widget_type=\"text-editor.default\">\n\t\t\t\t\t\t\t\t\t<h3><b>1. DONN\u00c9ES D&rsquo;IDENTIFICATION :&nbsp;<\/b><\/h3>\n<p><span style=\"font-weight: 400;\">Conform\u00e9ment au devoir d\u2019information pr\u00e9vu \u00e0 l\u2019article 10 de la Loi 34\/2002 du 11 juillet relative aux services de la soci\u00e9t\u00e9 de l\u2019information et au commerce \u00e9lectronique, les informations suivantes sont indiqu\u00e9es ci-apr\u00e8s : Le titulaire de ce site web est Citysens Designs S.L. (ci-apr\u00e8s CITYSENS), soci\u00e9t\u00e9 \u00e9tablie C\/Pere Martell 39 2-6, 43005 Tarragona, disposant du num\u00e9ro de C.I.F. B55659205 et de l\u2019adresse \u00e9lectronique de contact hola@citysens.com<\/span><\/p>\n<p><span style=\"font-weight: 400;\"><br><\/span><\/p>\n<h3><b>2. UTILISATEURS:<\/b><\/h3>\n<p><span style=\"font-weight: 400;\">L\u2019acc\u00e8s et\/ou l\u2019utilisation de ce portail de CITYSENS conf\u00e8re la qualit\u00e9 d\u2019UTILISATEUR, qui accepte, d\u00e8s cet acc\u00e8s et\/ou cette utilisation, les pr\u00e9sentes Conditions G\u00e9n\u00e9rales d\u2019Utilisation. Les dites conditions s\u2019appliquent ind\u00e9pendamment des Conditions G\u00e9n\u00e9rales de Vente qui, le cas \u00e9ch\u00e9ant, seraient obligatoires. <\/span><\/p>\n<p><span style=\"font-weight: 400;\"><br><\/span><\/p>\n<h3><b>3. UTILISATION DU PORTAIL :<\/b><\/h3>\n<p><span style=\"font-weight: 400;\">WWW.CITYSENS.COM fournit l\u2019acc\u00e8s \u00e0 une multitude d\u2019informations, de services, de programmes ou de donn\u00e9es (ci-apr\u00e8s, \u00ab les contenus \u00bb) sur Internet appartenant \u00e0 CITYSENS ou \u00e0 ses conc\u00e9dants de licence, auxquels l\u2019UTILISATEUR peut avoir acc\u00e8s. L\u2019UTILISATEUR assume la responsabilit\u00e9 de l\u2019utilisation du portail. Cette responsabilit\u00e9 s\u2019\u00e9tend \u00e0 l\u2019inscription qui serait n\u00e9cessaire pour acc\u00e9der \u00e0 certains services ou contenus. Lors de cette inscription, l\u2019UTILISATEUR sera responsable de fournir des informations v\u00e9ridiques et licites. \u00c0 la suite de cette inscription, un mot de passe pourra \u00eatre attribu\u00e9 \u00e0 l\u2019UTILISATEUR, dont il sera responsable et qu\u2019il s\u2019engage \u00e0 utiliser de mani\u00e8re diligente et confidentielle.<br>L\u2019UTILISATEUR s\u2019engage \u00e0 faire un usage appropri\u00e9 des contenus et services (tels que, par exemple, les services de chat, forums de discussion ou groupes d\u2019actualit\u00e9s) que CITYSENS propose via son portail et, \u00e0 titre indicatif mais non limitatif, \u00e0 ne pas les utiliser pour : (i) se livrer \u00e0 des activit\u00e9s illicites, ill\u00e9gales ou contraires \u00e0 la bonne foi et \u00e0 l\u2019ordre public ; (ii) diffuser des contenus ou de la propagande \u00e0 caract\u00e8re raciste, x\u00e9nophobe, pornographique ill\u00e9gal, faisant l\u2019apologie du terrorisme ou portant atteinte aux droits humains ; (iii) provoquer des dommages aux syst\u00e8mes physiques et logiques de CITYSENS, de ses fournisseurs ou de tiers, introduire ou diffuser sur le r\u00e9seau des virus informatiques ou tout autre syst\u00e8me physique ou logique susceptible de provoquer les dommages pr\u00e9cit\u00e9s ; (iv) tenter d\u2019acc\u00e9der aux comptes de courrier \u00e9lectronique d\u2019autres utilisateurs et, le cas \u00e9ch\u00e9ant, les utiliser, modifier ou manipuler leurs messages.<br>CITYSENS se r\u00e9serve le droit de retirer tout commentaire ou contribution portant atteinte au respect de la dignit\u00e9 humaine, \u00e0 caract\u00e8re discriminatoire, x\u00e9nophobe, raciste ou pornographique, portant atteinte \u00e0 la jeunesse ou \u00e0 l\u2019enfance, \u00e0 l\u2019ordre ou \u00e0 la s\u00e9curit\u00e9 publics, ou qui, \u00e0 son jugement, ne serait pas appropri\u00e9 \u00e0 la publication.<br>En tout \u00e9tat de cause, CITYSENS ne saurait \u00eatre tenue responsable des opinions exprim\u00e9es par les utilisateurs via les forums, chats ou autres outils de participation.           <\/span><\/p>\n<p><span style=\"font-weight: 400;\"><br><\/span><\/p>\n<h3><b>4. POLITIQUE DE CONFIDENTIALIT\u00c9 : INFORMATIONS SUR LE TRAITEMENT DE TES DONN\u00c9ES PERSONNELLES :<\/b><\/h3>\n<p><span style=\"font-weight: 400;\">Chez Citysens, nous nous engageons \u00e0 pr\u00e9server la confidentialit\u00e9 des donn\u00e9es fournies par nos clients et par les personnes qui entrent en contact avec nous. C\u2019est pourquoi, dans le cadre de notre engagement en mati\u00e8re de transparence et conform\u00e9ment \u00e0 la r\u00e9glementation en vigueur, nous te fournissons ci-apr\u00e8s des informations concernant le traitement de tes donn\u00e9es personnelles. <\/span><\/p>\n<p><span style=\"font-weight: 400;\">Qui est responsable du traitement de tes donn\u00e9es ?<br>Le responsable du traitement de tes donn\u00e9es est : CITYSENS DESIGNS, S.L., NIF : B55659205, dont le si\u00e8ge social est situ\u00e9 C \/ Pere Martell 39, 2-6, 43005 Tarragona, T\u00e9l. : +34 606197713, e-mail : hola@citysens.com<\/span><\/p>\n<p><b>Quelles sont les finalit\u00e9s et la base l\u00e9gale du traitement de tes donn\u00e9es ?<\/b><\/p>\n<p><span style=\"font-weight: 400;\">Dans le cas o\u00f9 tu aurais fourni tes donn\u00e9es personnelles \u00e0 caract\u00e8re identificatif (c.-\u00e0-d. : nom et pr\u00e9nom, date de naissance, num\u00e9ro de t\u00e9l\u00e9phone, adresse e-mail et adresse postale), elles seront trait\u00e9es aux fins suivantes :<\/span><\/p>\n<p><span style=\"font-weight: 400;\">(I) Maintenir la relation contractuelle que nous avons avec toi (c.-\u00e0-d. : pouvoir \u00e9mettre et te livrer les commandes que tu nous as pass\u00e9es, ainsi qu\u2019\u00e9valuer la qualit\u00e9 de notre service client au moyen de sondages de satisfaction, par tout canal utilis\u00e9).<\/span><\/p>\n<p><span style=\"font-weight: 400;\">(II) Sauf si tu t\u2019y es oppos\u00e9 au moment de la fourniture de tes donn\u00e9es, elles pourront \u00eatre utilis\u00e9es pour te tenir inform\u00e9 de nos offres et promotions concernant nos produits et services similaires \u00e0 ceux que tu as souscrits. Ces informations seront communiqu\u00e9es par l\u2019envoi de communications commerciales, pouvant \u00eatre personnalis\u00e9es gr\u00e2ce \u00e0 l\u2019\u00e9laboration d\u2019un profil commercial \u00e0 partir de tes donn\u00e9es personnelles fournies et de ton historique d\u2019achats, par tout moyen que tu nous auras communiqu\u00e9 (c.-\u00e0-d. par e-mail, SMS, WhatsApp ou courrier postal). La base juridique de ce traitement est l\u2019article 21.2 de la Loi 34\/2002 du 11 juillet relative aux services de la soci\u00e9t\u00e9 de l\u2019information et au commerce \u00e9lectronique (LSSI).<br>Les informations envoy\u00e9es peuvent \u00e9galement r\u00e9pondre \u00e0 notre int\u00e9r\u00eat l\u00e9gitime, dans la mesure o\u00f9, selon notre appr\u00e9ciation, il existe une attente raisonnable de ta part pour recevoir ce type de communications commerciales.<br>Dans tous les cas, sache qu\u2019aucune d\u00e9cision automatis\u00e9e ne sera prise sur la base de ce profil et que tu pourras, \u00e0 tout moment, t\u2019opposer \u00e0 recevoir ces communications commerciales en envoyant un e-mail \u00e0 hola@citysens.com ou via les moyens pr\u00e9vus \u00e0 cet effet dans chaque communication commerciale que tu recevras.    <\/span><\/p>\n<p><b>Pendant combien de temps conserverons-nous tes donn\u00e9es ?<\/b><\/p>\n<p><span style=\"font-weight: 400;\">Les donn\u00e9es personnelles que tu nous fourniras seront conserv\u00e9es tant que la relation contractuelle que nous entretenons avec toi perdure et tant que tu ne demandes pas leur suppression par les moyens indiqu\u00e9s ci-dessous.<\/span><\/p>\n<p><b>\u00c0 quels destinataires tes donn\u00e9es seront-elles communiqu\u00e9es ?<\/b><\/p>\n<p>Tes donn\u00e9es personnelles ne seront communiqu\u00e9es \u00e0 aucun tiers, sauf si nous y sommes l\u00e9galement oblig\u00e9s, c\u2019est-\u00e0-dire si nous recevons une requ\u00eate administrative ou judiciaire nous imposant de transmettre tes donn\u00e9es \u00e0 une autorit\u00e9 administrative ou judiciaire. Dans ce cas, seules les donn\u00e9es strictement requises seront communiqu\u00e9es.<\/p>\n<p><b>Quels sont tes droits lorsque tu nous fournis tes donn\u00e9es ?<\/b><\/p>\n<p><span style=\"font-weight: 400;\">Acc\u00e8s, rectification et suppression : Tu as le droit, \u00e0 tout moment, de demander l\u2019acc\u00e8s \u00e0 tes donn\u00e9es personnelles, de demander la rectification de donn\u00e9es inexactes ainsi que leur suppression.<\/span><\/p>\n<p><span style=\"font-weight: 400;\">Opposition \u00e0 recevoir des communications commerciales : Tu as le droit de t\u2019opposer \u00e0 tout moment \u00e0 recevoir des communications commerciales concernant nos offres et promotions en envoyant un e-mail \u00e0 hola@citysens.com ou via les moyens pr\u00e9vus \u00e0 cet effet dans chaque communication commerciale que tu recevras. Dans ce cas, nous conserverons tes donn\u00e9es uniquement afin de ne plus t\u2019envoyer ces communications commerciales. <\/span><\/p>\n<p><span style=\"font-weight: 400;\">Limitation et portabilit\u00e9 : Dans certaines situations, tu peux avoir le droit de demander la limitation du traitement de tes donn\u00e9es ; dans ce cas, nous ne les conserverons que pour l\u2019exercice ou la d\u00e9fense de r\u00e9clamations, ainsi que pour te permettre de demander la portabilit\u00e9 de tes donn\u00e9es.<\/span><\/p>\n<p><span style=\"font-weight: 400;\">Tu pourras exercer les droits mentionn\u00e9s ci-dessus en envoyant une communication \u00e9crite \u00e0 CITYSENS DESIGNS, S.L., C \/ Pere Martell 39, 2-6, 43005 Tarragona, ou par e-mail \u00e0 hola@citysens.com, en pr\u00e9cisant le droit que tu souhaites exercer et en t\u2019identifiant au moyen d\u2019une photocopie de ton DNI ou d\u2019un document \u00e9quivalent. Nous traiterons ta demande dans les d\u00e9lais l\u00e9galement pr\u00e9vus et, en tout \u00e9tat de cause, tu as le droit de d\u00e9poser une r\u00e9clamation aupr\u00e8s de l\u2019Agence espagnole de protection des donn\u00e9es (AEPD). <\/span><\/p><p><span style=\"font-weight: 400;\"><br><\/span><\/p>\n<h3><b>5. PROPRI\u00c9T\u00c9 INTELLECTUELLE ET INDUSTRIELLE :<\/b><\/h3>\n<p><span style=\"font-weight: 400;\">CITYSENS, en son nom ou en tant que cessionnaire, est titulaire de tous les droits de propri\u00e9t\u00e9 intellectuelle et industrielle de son site web, ainsi que des \u00e9l\u00e9ments qu\u2019il contient (\u00e0 titre indicatif : images, sons, audio, vid\u00e9os, logiciels ou textes ; marques ou logos, combinaisons de couleurs, structure et design, s\u00e9lection des mat\u00e9riaux utilis\u00e9s, programmes informatiques n\u00e9cessaires \u00e0 son fonctionnement, acc\u00e8s et utilisation, etc.), appartenant \u00e0 CITYSENS ou \u00e0 ses conc\u00e9dants de licence. Tous droits r\u00e9serv\u00e9s.<br>Conform\u00e9ment aux articles 8 et 32.1, deuxi\u00e8me alin\u00e9a, de la Loi sur la propri\u00e9t\u00e9 intellectuelle, la reproduction, la distribution et la communication publique, y compris sa mise \u00e0 disposition, de tout ou partie des contenus de ce site web \u00e0 des fins commerciales, sur tout support et par tout moyen technique, sont express\u00e9ment interdites sans l\u2019autorisation de CITYSENS.<br>L\u2019UTILISATEUR s\u2019engage \u00e0 respecter les droits de propri\u00e9t\u00e9 intellectuelle et industrielle d\u00e9tenus par CITYSENS. Il peut visualiser les \u00e9l\u00e9ments du portail et m\u00eame les imprimer, copier et stocker sur le disque dur de son ordinateur ou sur tout autre support physique, uniquement et exclusivement pour son usage personnel et priv\u00e9.<br>L\u2019UTILISATEUR doit s\u2019abstenir de supprimer, alt\u00e9rer, contourner ou manipuler tout dispositif de protection ou syst\u00e8me de s\u00e9curit\u00e9 install\u00e9 sur les pages de CITYSENS.     <\/span><\/p><p><span style=\"font-weight: 400;\"><br><\/span><\/p>\n<h3><b>6. EXCLUSION DE GARANTIES ET RESPONSABILIT\u00c9 :<\/b><\/h3>\n<p><span style=\"font-weight: 400;\">CITYSENS n\u2019est en aucun cas responsable des dommages et pr\u00e9judices de toute nature pouvant survenir, \u00e0 titre indicatif : erreurs ou omissions dans les contenus, indisponibilit\u00e9 du portail, ou transmission de virus ou de programmes malveillants ou nuisibles contenus sur le site, malgr\u00e9 l\u2019adoption de toutes les mesures technologiques n\u00e9cessaires pour les \u00e9viter.<\/span><\/p><p><span style=\"font-weight: 400;\"><br><\/span><\/p>\n<h3><b>7. MODIFICATIONS :<\/b><\/h3>\n<p><span style=\"font-weight: 400;\">CITYSENS se r\u00e9serve le droit d\u2019apporter, sans pr\u00e9avis, toutes les modifications qu\u2019elle jugera appropri\u00e9es sur son portail, pouvant changer, supprimer ou ajouter aussi bien les contenus et services propos\u00e9s que la mani\u00e8re dont ils sont pr\u00e9sent\u00e9s ou localis\u00e9s sur le portail.<\/span><\/p><p><span style=\"font-weight: 400;\"><br><\/span><\/p>\n<h3><b>8. LIENS:<\/b><\/h3>\n<p><span style=\"font-weight: 400;\">Dans le cas o\u00f9 des liens ou hyperliens vers d\u2019autres sites Internet seraient pr\u00e9sents sur le domaine, CITYSENS n\u2019exercera aucun contr\u00f4le sur ces sites et leurs contenus. En aucun cas CITYSENS n\u2019assumera de responsabilit\u00e9 pour les contenus de liens appartenant \u00e0 un site tiers, ni ne garantira la disponibilit\u00e9 technique, la qualit\u00e9, la fiabilit\u00e9, l\u2019exactitude, l\u2019\u00e9tendue, la v\u00e9racit\u00e9, la validit\u00e9 ou la l\u00e9galit\u00e9 de tout mat\u00e9riel ou information contenu dans ces hyperliens ou autres sites Internet. De m\u00eame, l\u2019inclusion de ces connexions externes n\u2019implique aucun type d\u2019association, de fusion ou de participation avec les entit\u00e9s concern\u00e9es.  <\/span><\/p><p><span style=\"font-weight: 400;\"><br><\/span><\/p>\n<h3><b>9. DROIT D\u2019EXCLUSION :<\/b><\/h3>\n<p><span style=\"font-weight: 400;\">CITYSENS se r\u00e9serve le droit de refuser ou de retirer l\u2019acc\u00e8s au portail et\/ou aux services propos\u00e9s, sans pr\u00e9avis, de sa propre initiative ou \u00e0 la demande d\u2019un tiers, pour les utilisateurs qui enfreignent les pr\u00e9sentes Conditions G\u00e9n\u00e9rales d\u2019Utilisation.<\/span><\/p>\n<h3><b>10. GENERALIT\u00c9S:<\/b><\/h3>\n<p><span style=\"font-weight: 400;\">CITYSENS poursuivra tout manquement aux pr\u00e9sentes conditions ainsi que toute utilisation abusive de son portail, en exer\u00e7ant toutes les actions civiles et p\u00e9nales qui pourraient lui \u00eatre accord\u00e9es par la loi.<\/span><\/p><p><span style=\"font-weight: 400;\"><br><\/span><\/p>\n<h3><b>11. MODIFICATION DES PR\u00c9SENTES CONDITIONS ET DUR\u00c9E :<\/b><\/h3>\n<p><span style=\"font-weight: 400;\">CITYSENS pourra modifier \u00e0 tout moment les conditions \u00e9nonc\u00e9es ici, lesquelles seront d\u00fbment publi\u00e9es comme indiqu\u00e9. La validit\u00e9 de ces conditions d\u00e9pendra de leur publication et restera en vigueur jusqu\u2019\u00e0 ce qu\u2019elles soient remplac\u00e9es par d\u2019autres conditions d\u00fbment publi\u00e9es. <\/span><\/p><p><span style=\"font-weight: 400;\"><br><\/span><\/p>\n<h3><b>12. L\u00c9GISLATION APPLICABLE ET JURIDICTION :<\/b><\/h3>\n<p><span style=\"font-weight: 400;\">La relation entre CITYSENS et l\u2019UTILISATEUR est r\u00e9gie par la l\u00e9gislation espagnole en vigueur, et tout litige sera soumis aux tribunaux de la ville de Tarragona.<\/span><\/p><p><span style=\"font-weight: 400;\"><br><\/span><\/p>\n<h3><b>13. COOKIES:<\/b><\/h3>\n<p><span style=\"font-weight: 400;\">Sur les cookies<\/span><\/p>\n<p><span style=\"font-weight: 400;\">Ce site web utilise des cookies. En utilisant ce site, l\u2019utilisateur accepte cette politique et autorise Citysens \u00e0 utiliser des cookies conform\u00e9ment aux termes de cette politique. <\/span><\/p>\n<p><span style=\"font-weight: 400;\">Les cookies sont des fichiers envoy\u00e9s par les serveurs web aux navigateurs web, et stock\u00e9s par ces derniers. L\u2019information est renvoy\u00e9e au serveur chaque fois que le navigateur demande une page du serveur. Cela permet \u00e0 un serveur web d\u2019identifier et de suivre les navigateurs web.  <\/span><\/p>\n<p><span style=\"font-weight: 400;\">Les cookies sur notre site web<\/span><\/p>\n<p><span style=\"font-weight: 400;\">Citysens utilise les cookies suivantes sur ce site web : cookies de session, cookies persistants et cookies tiers (par exemple, r\u00e9seaux sociaux, Google Analytics). Les cookies de session sont supprim\u00e9s de votre ordinateur lorsque vous fermez votre navigateur, tandis que les cookies persistants restent stock\u00e9s sur votre appareil jusqu\u2019\u00e0 leur suppression ou jusqu\u2019\u00e0 leur date d\u2019expiration. <\/span><\/p>\n<p><span style=\"font-weight: 400;\">Cookies de Google<\/span><\/p>\n<p><span style=\"font-weight: 400;\">Citysens utilise Google Analytics pour analyser l\u2019utilisation de ce site web. Google Analytics g\u00e9n\u00e8re des informations statistiques et autres concernant l\u2019utilisation du site web au moyen de cookies, qui sont stock\u00e9es sur les ordinateurs des utilisateurs. Les informations g\u00e9n\u00e9r\u00e9es en relation avec notre site web sont utilis\u00e9es pour cr\u00e9er des rapports sur l\u2019utilisation du site. Google stockera et utilisera ces informations. La politique de confidentialit\u00e9 de Google est disponible \u00e0 l\u2019adresse : www.google.com\/privacypolicy.    <\/span><\/p>\n<p><span style=\"font-weight: 400;\">Refuser les cookies<\/span><\/p>\n<p><span style=\"font-weight: 400;\">La plupart des navigateurs permettent de refuser l\u2019acceptation des cookies.<\/span><\/p>\n<p><span style=\"font-weight: 400;\">La section \u00ab\u202fCookies\u202f\u00bb de ce document a \u00e9t\u00e9 cr\u00e9\u00e9e \u00e0 l\u2019aide d\u2019un mod\u00e8le Contractology disponible sur www.freenetlaw.com.<\/span><\/p>\t\t\t\t\t\t\t\t<\/div>\n\t\t\t\t<div class=\"elementor-element elementor-element-80aca81 elementor-widget elementor-widget-heading\" data-id=\"80aca81\" data-element_type=\"widget\" data-widget_type=\"heading.default\">\n\t\t\t\t\t<p class=\"elementor-heading-title elementor-size-default\">Citysens Designs S.L., dans le cadre du Programme ICEX Next, a b\u00e9n\u00e9fici\u00e9 du soutien d\u2019ICEX et de la cofinanciation du fonds europ\u00e9en FEDER. L\u2019objectif de ce soutien est de contribuer au d\u00e9veloppement international de l\u2019entreprise et de son environnement. <\/p>\t\t\t\t<\/div>\n\t\t\t\t<div class=\"elementor-element elementor-element-45836a4 elementor-widget elementor-widget-image\" data-id=\"45836a4\" data-element_type=\"widget\" data-widget_type=\"image.default\">\n\t\t\t\t\t\t\t\t\t\t\t\t\t\t\t<img fetchpriority=\"high\" decoding=\"async\" width=\"529\" height=\"187\" src=\"https:\/\/www.citysenslab.com\/wp-content\/uploads\/2025\/10\/union-europea-fondos-Feder-e1760701105712.png\" class=\"attachment-large size-large wp-image-1563\" alt=\"\" srcset=\"https:\/\/www.citysenslab.com\/wp-content\/uploads\/2025\/10\/union-europea-fondos-Feder-e1760701105712.png 529w, https:\/\/www.citysenslab.com\/wp-content\/uploads\/2025\/10\/union-europea-fondos-Feder-e1760701105712-300x106.png 300w\" sizes=\"(max-width: 529px) 100vw, 529px\" \/>\t\t\t\t\t\t\t\t\t\t\t\t\t\t\t<\/div>\n\t\t\t\t\t<\/div>\n\t\t\t\t<\/div>\n\t\t\t\t<\/div>\n\t\t","protected":false},"excerpt":{"rendered":"<p>1. DONN\u00c9ES D&rsquo;IDENTIFICATION :&nbsp; Conform\u00e9ment au devoir d\u2019information pr\u00e9vu \u00e0 l\u2019article 10 de la Loi 34\/2002 du 11 juillet relative [&hellip;]<\/p>\n","protected":false},"author":1,"featured_media":0,"parent":0,"menu_order":0,"comment_status":"closed","ping_status":"closed","template":"","meta":{"_acf_changed":false,"site-sidebar-layout":"default","site-content-layout":"","ast-site-content-layout":"default","site-content-style":"default","site-sidebar-style":"default","ast-global-header-display":"","ast-banner-title-visibility":"","ast-main-header-display":"","ast-hfb-above-header-display":"","ast-hfb-below-header-display":"","ast-hfb-mobile-header-display":"","site-post-title":"","ast-breadcrumbs-content":"","ast-featured-img":"","footer-sml-layout":"","theme-transparent-header-meta":"","adv-header-id-meta":"","stick-header-meta":"","header-above-stick-meta":"","header-main-stick-meta":"","header-below-stick-meta":"","astra-migrate-meta-layouts":"default","ast-page-background-enabled":"default","ast-page-background-meta":{"desktop":{"background-color":"var(--ast-global-color-5)","background-image":"","background-repeat":"repeat","background-position":"center center","background-size":"auto","background-attachment":"scroll","background-type":"","background-media":"","overlay-type":"","overlay-color":"","overlay-opacity":"","overlay-gradient":""},"tablet":{"background-color":"","background-image":"","background-repeat":"repeat","background-position":"center center","background-size":"auto","background-attachment":"scroll","background-type":"","background-media":"","overlay-type":"","overlay-color":"","overlay-opacity":"","overlay-gradient":""},"mobile":{"background-color":"","background-image":"","background-repeat":"repeat","background-position":"center center","background-size":"auto","background-attachment":"scroll","background-type":"","background-media":"","overlay-type":"","overlay-color":"","overlay-opacity":"","overlay-gradient":""}},"ast-content-background-meta":{"desktop":{"background-color":"var(--ast-global-color-4)","background-image":"","background-repeat":"repeat","background-position":"center center","background-size":"auto","background-attachment":"scroll","background-type":"","background-media":"","overlay-type":"","overlay-color":"","overlay-opacity":"","overlay-gradient":""},"tablet":{"background-color":"var(--ast-global-color-4)","background-image":"","background-repeat":"repeat","background-position":"center center","background-size":"auto","background-attachment":"scroll","background-type":"","background-media":"","overlay-type":"","overlay-color":"","overlay-opacity":"","overlay-gradient":""},"mobile":{"background-color":"var(--ast-global-color-4)","background-image":"","background-repeat":"repeat","background-position":"center center","background-size":"auto","background-attachment":"scroll","background-type":"","background-media":"","overlay-type":"","overlay-color":"","overlay-opacity":"","overlay-gradient":""}},"footnotes":""},"class_list":["post-1562","page","type-page","status-publish","hentry"],"acf":[],"_links":{"self":[{"href":"https:\/\/www.citysenslab.com\/fr\/wp-json\/wp\/v2\/pages\/1562","targetHints":{"allow":["GET"]}}],"collection":[{"href":"https:\/\/www.citysenslab.com\/fr\/wp-json\/wp\/v2\/pages"}],"about":[{"href":"https:\/\/www.citysenslab.com\/fr\/wp-json\/wp\/v2\/types\/page"}],"author":[{"embeddable":true,"href":"https:\/\/www.citysenslab.com\/fr\/wp-json\/wp\/v2\/users\/1"}],"replies":[{"embeddable":true,"href":"https:\/\/www.citysenslab.com\/fr\/wp-json\/wp\/v2\/comments?post=1562"}],"version-history":[{"count":2,"href":"https:\/\/www.citysenslab.com\/fr\/wp-json\/wp\/v2\/pages\/1562\/revisions"}],"predecessor-version":[{"id":1886,"href":"https:\/\/www.citysenslab.com\/fr\/wp-json\/wp\/v2\/pages\/1562\/revisions\/1886"}],"wp:attachment":[{"href":"https:\/\/www.citysenslab.com\/fr\/wp-json\/wp\/v2\/media?parent=1562"}],"curies":[{"name":"wp","href":"https:\/\/api.w.org\/{rel}","templated":true}]}}