{"id":1691,"date":"2025-10-02T10:09:48","date_gmt":"2025-10-02T08:09:48","guid":{"rendered":"https:\/\/www.citysenslab.com\/espaces\/"},"modified":"2026-03-23T15:16:54","modified_gmt":"2026-03-23T14:16:54","slug":"espaces","status":"publish","type":"page","link":"https:\/\/www.citysenslab.com\/fr\/espaces\/","title":{"rendered":"Espaces"},"content":{"rendered":"\t\t<div data-elementor-type=\"wp-page\" data-elementor-id=\"1691\" class=\"elementor elementor-1691 elementor-1035\" data-elementor-post-type=\"page\">\n\t\t\t\t<div class=\"elementor-element elementor-element-13fe012 e-flex e-con-boxed e-con e-parent\" data-id=\"13fe012\" data-element_type=\"container\">\n\t\t\t\t\t<div class=\"e-con-inner\">\n\t\t\t\t<div class=\"elementor-element elementor-element-e1017a9 elementor-widget elementor-widget-global elementor-global-92 elementor-widget-spacer\" data-id=\"e1017a9\" data-element_type=\"widget\" data-widget_type=\"spacer.default\">\n\t\t\t\t\t\t\t<div class=\"elementor-spacer\">\n\t\t\t<div class=\"elementor-spacer-inner\"><\/div>\n\t\t<\/div>\n\t\t\t\t\t\t<\/div>\n\t\t\t\t<div class=\"elementor-element elementor-element-96d436e elementor-invisible elementor-widget elementor-widget-heading\" data-id=\"96d436e\" data-element_type=\"widget\" data-settings=\"{&quot;_animation&quot;:&quot;fadeIn&quot;}\" data-widget_type=\"heading.default\">\n\t\t\t\t\t<h1 class=\"elementor-heading-title elementor-size-default\">Espaces modulaires. Design biophilique. Configuration illimit\u00e9e.\n<\/h1>\t\t\t\t<\/div>\n\t\t<div class=\"elementor-element elementor-element-726d644 e-con-full e-flex e-con e-child\" data-id=\"726d644\" data-element_type=\"container\">\n\t\t\t\t<div class=\"elementor-element elementor-element-4452f04 elementor-widget__width-initial elementor-invisible elementor-widget elementor-widget-heading\" data-id=\"4452f04\" data-element_type=\"widget\" data-settings=\"{&quot;_animation&quot;:&quot;fadeIn&quot;}\" data-widget_type=\"heading.default\">\n\t\t\t\t\t<h2 class=\"elementor-heading-title elementor-size-default\">Nous transformons la mani\u00e8re dont nous interagissons avec la nature, en proposant des solutions intelligentes, configurables et \u00e9volutives, avec un design premium et esth\u00e9tiquement attractif. \n<\/h2>\t\t\t\t<\/div>\n\t\t\t\t<\/div>\n\t\t\t\t\t<\/div>\n\t\t\t\t<\/div>\n\t\t<div class=\"elementor-element elementor-element-8ebc9ed e-flex e-con-boxed e-con e-parent\" data-id=\"8ebc9ed\" data-element_type=\"container\">\n\t\t\t\t\t<div class=\"e-con-inner\">\n\t\t<div class=\"elementor-element elementor-element-37bd577 e-con-full e-flex e-con e-child\" data-id=\"37bd577\" data-element_type=\"container\">\n\t\t\t\t<div class=\"elementor-element elementor-element-63ecbbe elementor-invisible elementor-widget elementor-widget-image\" data-id=\"63ecbbe\" data-element_type=\"widget\" data-settings=\"{&quot;_animation&quot;:&quot;fadeIn&quot;}\" data-widget_type=\"image.default\">\n\t\t\t\t\t\t\t\t\t\t\t\t\t\t\t<img decoding=\"async\" width=\"154\" height=\"111\" src=\"https:\/\/www.citysenslab.com\/wp-content\/uploads\/2025\/10\/leaf.png\" class=\"attachment-full size-full wp-image-1686\" alt=\"\" \/>\t\t\t\t\t\t\t\t\t\t\t\t\t\t\t<\/div>\n\t\t\t\t<div class=\"elementor-element elementor-element-7e26f0e elementor-invisible elementor-widget elementor-widget-image\" data-id=\"7e26f0e\" data-element_type=\"widget\" data-settings=\"{&quot;_animation&quot;:&quot;fadeIn&quot;}\" data-widget_type=\"image.default\">\n\t\t\t\t\t\t\t\t\t\t\t\t\t\t\t<img fetchpriority=\"high\" decoding=\"async\" width=\"1707\" height=\"2560\" src=\"https:\/\/www.citysenslab.com\/wp-content\/uploads\/2025\/10\/WORKPLACE-scaled.jpg\" class=\"attachment-full size-full wp-image-1687\" alt=\"\" srcset=\"https:\/\/www.citysenslab.com\/wp-content\/uploads\/2025\/10\/WORKPLACE-scaled.jpg 1707w, https:\/\/www.citysenslab.com\/wp-content\/uploads\/2025\/10\/WORKPLACE-200x300.jpg 200w, https:\/\/www.citysenslab.com\/wp-content\/uploads\/2025\/10\/WORKPLACE-683x1024.jpg 683w, https:\/\/www.citysenslab.com\/wp-content\/uploads\/2025\/10\/WORKPLACE-768x1152.jpg 768w, https:\/\/www.citysenslab.com\/wp-content\/uploads\/2025\/10\/WORKPLACE-1024x1536.jpg 1024w, https:\/\/www.citysenslab.com\/wp-content\/uploads\/2025\/10\/WORKPLACE-1365x2048.jpg 1365w\" sizes=\"(max-width: 1707px) 100vw, 1707px\" \/>\t\t\t\t\t\t\t\t\t\t\t\t\t\t\t<\/div>\n\t\t\t\t<div class=\"elementor-element elementor-element-e381ed5 elementor-widget__width-initial elementor-invisible elementor-widget elementor-widget-heading\" data-id=\"e381ed5\" data-element_type=\"widget\" data-settings=\"{&quot;_animation&quot;:&quot;fadeIn&quot;}\" data-widget_type=\"heading.default\">\n\t\t\t\t\t<p class=\"elementor-heading-title elementor-size-default\">Lieu de travail<\/p>\t\t\t\t<\/div>\n\t\t\t\t<\/div>\n\t\t<div class=\"elementor-element elementor-element-f90619a e-con-full e-flex e-con e-child\" data-id=\"f90619a\" data-element_type=\"container\">\n\t\t\t\t<div class=\"elementor-element elementor-element-0173735 elementor-invisible elementor-widget elementor-widget-image\" data-id=\"0173735\" data-element_type=\"widget\" data-settings=\"{&quot;_animation&quot;:&quot;fadeIn&quot;}\" data-widget_type=\"image.default\">\n\t\t\t\t\t\t\t\t\t\t\t\t\t\t\t<img decoding=\"async\" width=\"153\" height=\"111\" src=\"https:\/\/www.citysenslab.com\/wp-content\/uploads\/2025\/10\/leaf02.png\" class=\"attachment-full size-full wp-image-1688\" alt=\"\" \/>\t\t\t\t\t\t\t\t\t\t\t\t\t\t\t<\/div>\n\t\t\t\t<div class=\"elementor-element elementor-element-f1979b2 elementor-invisible elementor-widget elementor-widget-image\" data-id=\"f1979b2\" data-element_type=\"widget\" data-settings=\"{&quot;_animation&quot;:&quot;fadeIn&quot;}\" data-widget_type=\"image.default\">\n\t\t\t\t\t\t\t\t\t\t\t\t\t\t\t<img loading=\"lazy\" decoding=\"async\" width=\"1868\" height=\"2560\" src=\"https:\/\/www.citysenslab.com\/wp-content\/uploads\/2025\/10\/RENDER_SENIOR-LIVING-scaled.jpg\" class=\"attachment-full size-full wp-image-1689\" alt=\"\" srcset=\"https:\/\/www.citysenslab.com\/wp-content\/uploads\/2025\/10\/RENDER_SENIOR-LIVING-scaled.jpg 1868w, https:\/\/www.citysenslab.com\/wp-content\/uploads\/2025\/10\/RENDER_SENIOR-LIVING-219x300.jpg 219w, https:\/\/www.citysenslab.com\/wp-content\/uploads\/2025\/10\/RENDER_SENIOR-LIVING-747x1024.jpg 747w, https:\/\/www.citysenslab.com\/wp-content\/uploads\/2025\/10\/RENDER_SENIOR-LIVING-768x1052.jpg 768w, https:\/\/www.citysenslab.com\/wp-content\/uploads\/2025\/10\/RENDER_SENIOR-LIVING-1121x1536.jpg 1121w, https:\/\/www.citysenslab.com\/wp-content\/uploads\/2025\/10\/RENDER_SENIOR-LIVING-1495x2048.jpg 1495w\" sizes=\"(max-width: 1868px) 100vw, 1868px\" \/>\t\t\t\t\t\t\t\t\t\t\t\t\t\t\t<\/div>\n\t\t\t\t<div class=\"elementor-element elementor-element-62bacfa elementor-widget__width-initial elementor-widget-laptop__width-inherit elementor-invisible elementor-widget elementor-widget-heading\" data-id=\"62bacfa\" data-element_type=\"widget\" data-settings=\"{&quot;_animation&quot;:&quot;fadeIn&quot;}\" data-widget_type=\"heading.default\">\n\t\t\t\t\t<p class=\"elementor-heading-title elementor-size-default\">Residence seniors<\/p>\t\t\t\t<\/div>\n\t\t\t\t<\/div>\n\t\t\t\t\t<\/div>\n\t\t\t\t<\/div>\n\t\t<div class=\"elementor-element elementor-element-00f4717 e-flex e-con-boxed e-con e-parent\" data-id=\"00f4717\" data-element_type=\"container\">\n\t\t\t\t\t<div class=\"e-con-inner\">\n\t\t\t\t<div class=\"elementor-element elementor-element-d2c4052 elementor-invisible elementor-widget elementor-widget-image\" data-id=\"d2c4052\" data-element_type=\"widget\" data-settings=\"{&quot;_animation&quot;:&quot;fadeIn&quot;}\" data-widget_type=\"image.default\">\n\t\t\t\t\t\t\t\t\t\t\t\t\t\t\t<img decoding=\"async\" width=\"154\" height=\"111\" src=\"https:\/\/www.citysenslab.com\/wp-content\/uploads\/2025\/10\/leaf.png\" class=\"attachment-full size-full wp-image-1686\" alt=\"\" \/>\t\t\t\t\t\t\t\t\t\t\t\t\t\t\t<\/div>\n\t\t\t\t<div class=\"elementor-element elementor-element-dfb0df8 elementor-invisible elementor-widget elementor-widget-image\" data-id=\"dfb0df8\" data-element_type=\"widget\" data-settings=\"{&quot;_animation&quot;:&quot;fadeIn&quot;}\" data-widget_type=\"image.default\">\n\t\t\t\t\t\t\t\t\t\t\t\t\t\t\t<img loading=\"lazy\" decoding=\"async\" width=\"2168\" height=\"1448\" src=\"https:\/\/www.citysenslab.com\/wp-content\/uploads\/2025\/10\/RENDER_HOSPITALITY.jpg\" class=\"attachment-full size-full wp-image-1690\" alt=\"\" srcset=\"https:\/\/www.citysenslab.com\/wp-content\/uploads\/2025\/10\/RENDER_HOSPITALITY.jpg 2168w, https:\/\/www.citysenslab.com\/wp-content\/uploads\/2025\/10\/RENDER_HOSPITALITY-300x200.jpg 300w, https:\/\/www.citysenslab.com\/wp-content\/uploads\/2025\/10\/RENDER_HOSPITALITY-1024x684.jpg 1024w, https:\/\/www.citysenslab.com\/wp-content\/uploads\/2025\/10\/RENDER_HOSPITALITY-768x513.jpg 768w, https:\/\/www.citysenslab.com\/wp-content\/uploads\/2025\/10\/RENDER_HOSPITALITY-1536x1026.jpg 1536w, https:\/\/www.citysenslab.com\/wp-content\/uploads\/2025\/10\/RENDER_HOSPITALITY-2048x1368.jpg 2048w\" sizes=\"(max-width: 2168px) 100vw, 2168px\" \/>\t\t\t\t\t\t\t\t\t\t\t\t\t\t\t<\/div>\n\t\t\t\t<div class=\"elementor-element elementor-element-a110755 elementor-widget__width-initial elementor-invisible elementor-widget elementor-widget-heading\" data-id=\"a110755\" data-element_type=\"widget\" data-settings=\"{&quot;_animation&quot;:&quot;fadeIn&quot;}\" data-widget_type=\"heading.default\">\n\t\t\t\t\t<p class=\"elementor-heading-title elementor-size-default\">Acceuil<\/p>\t\t\t\t<\/div>\n\t\t\t\t\t<\/div>\n\t\t\t\t<\/div>\n\t\t<div class=\"elementor-element elementor-element-a81d1ab e-flex e-con-boxed e-con e-parent\" data-id=\"a81d1ab\" data-element_type=\"container\">\n\t\t\t\t\t<div class=\"e-con-inner\">\n\t\t\t\t<div class=\"elementor-element elementor-element-c28b1c8 elementor-invisible elementor-widget elementor-widget-heading\" data-id=\"c28b1c8\" data-element_type=\"widget\" data-settings=\"{&quot;_animation&quot;:&quot;fadeIn&quot;}\" data-widget_type=\"heading.default\">\n\t\t\t\t\t<h2 class=\"elementor-heading-title elementor-size-default\">Avez-vous un espace ? Nous vous aidons \u00e0 lui donner vie.<\/h2>\t\t\t\t<\/div>\n\t\t\t\t<div class=\"elementor-element elementor-element-6dbfeed elementor-widget__width-initial elementor-widget elementor-widget-qi_addons_for_elementor_button\" data-id=\"6dbfeed\" data-element_type=\"widget\" data-widget_type=\"qi_addons_for_elementor_button.default\">\n\t\t\t\t<div class=\"elementor-widget-container\">\n\t\t\t\t\t<a class=\"qodef-shortcode qodef-m qodef-qi-button qodef-html--link qodef-layout--filled qodef-type--standard qodef-size--full qodef-icon--left qodef-hover--icon-move-vertical\" href=\"https:\/\/www.citysenslab.com\/fr\/contact\/\" target=\"_self\">\n\t<span class=\"qodef-m-text\">Parlez avec nous<\/span>\n\t\t<span class=\"qodef-m-icon qodef--icon-color-set\">\n\t\t<span class=\"qodef-m-icon-inner\">\n\t\t\t<svg xmlns=\"http:\/\/www.w3.org\/2000\/svg\" width=\"32\" height=\"33\" viewBox=\"0 0 32 33\" fill=\"none\"><circle cx=\"16\" cy=\"17\" r=\"13\" fill=\"#F3ECDC\"><\/circle><\/svg>\t\t\t\t\t\t\t<svg xmlns=\"http:\/\/www.w3.org\/2000\/svg\" width=\"32\" height=\"33\" viewBox=\"0 0 32 33\" fill=\"none\"><circle cx=\"16\" cy=\"17\" r=\"13\" fill=\"#F3ECDC\"><\/circle><\/svg>\t\t\t\t\t<\/span>\n\t<\/span>\n<\/a>\n\t\t\t\t<\/div>\n\t\t\t\t<\/div>\n\t\t\t\t<div class=\"elementor-element elementor-element-ed5c2fe elementor-widget elementor-widget-global elementor-global-92 elementor-widget-spacer\" data-id=\"ed5c2fe\" data-element_type=\"widget\" data-widget_type=\"spacer.default\">\n\t\t\t\t\t\t\t<div class=\"elementor-spacer\">\n\t\t\t<div class=\"elementor-spacer-inner\"><\/div>\n\t\t<\/div>\n\t\t\t\t\t\t<\/div>\n\t\t\t\t\t<\/div>\n\t\t\t\t<\/div>\n\t\t\t\t<\/div>\n\t\t","protected":false},"excerpt":{"rendered":"<p>Espaces modulaires. Design biophilique. Configuration illimit\u00e9e. Nous transformons la mani\u00e8re dont nous interagissons avec la nature, en proposant des solutions [&hellip;]<\/p>\n","protected":false},"author":1,"featured_media":0,"parent":0,"menu_order":0,"comment_status":"closed","ping_status":"closed","template":"","meta":{"_acf_changed":false,"site-sidebar-layout":"no-sidebar","site-content-layout":"","ast-site-content-layout":"full-width-container","site-content-style":"default","site-sidebar-style":"default","ast-global-header-display":"","ast-banner-title-visibility":"","ast-main-header-display":"","ast-hfb-above-header-display":"","ast-hfb-below-header-display":"","ast-hfb-mobile-header-display":"","site-post-title":"","ast-breadcrumbs-content":"","ast-featured-img":"disabled","footer-sml-layout":"","theme-transparent-header-meta":"","adv-header-id-meta":"","stick-header-meta":"","header-above-stick-meta":"","header-main-stick-meta":"","header-below-stick-meta":"","astra-migrate-meta-layouts":"default","ast-page-background-enabled":"default","ast-page-background-meta":{"desktop":{"background-color":"var(--ast-global-color-5)","background-image":"","background-repeat":"repeat","background-position":"center center","background-size":"auto","background-attachment":"scroll","background-type":"","background-media":"","overlay-type":"","overlay-color":"","overlay-opacity":"","overlay-gradient":""},"tablet":{"background-color":"","background-image":"","background-repeat":"repeat","background-position":"center center","background-size":"auto","background-attachment":"scroll","background-type":"","background-media":"","overlay-type":"","overlay-color":"","overlay-opacity":"","overlay-gradient":""},"mobile":{"background-color":"","background-image":"","background-repeat":"repeat","background-position":"center center","background-size":"auto","background-attachment":"scroll","background-type":"","background-media":"","overlay-type":"","overlay-color":"","overlay-opacity":"","overlay-gradient":""}},"ast-content-background-meta":{"desktop":{"background-color":"var(--ast-global-color-4)","background-image":"","background-repeat":"repeat","background-position":"center center","background-size":"auto","background-attachment":"scroll","background-type":"","background-media":"","overlay-type":"","overlay-color":"","overlay-opacity":"","overlay-gradient":""},"tablet":{"background-color":"var(--ast-global-color-4)","background-image":"","background-repeat":"repeat","background-position":"center center","background-size":"auto","background-attachment":"scroll","background-type":"","background-media":"","overlay-type":"","overlay-color":"","overlay-opacity":"","overlay-gradient":""},"mobile":{"background-color":"var(--ast-global-color-4)","background-image":"","background-repeat":"repeat","background-position":"center center","background-size":"auto","background-attachment":"scroll","background-type":"","background-media":"","overlay-type":"","overlay-color":"","overlay-opacity":"","overlay-gradient":""}},"footnotes":""},"class_list":["post-1691","page","type-page","status-publish","hentry"],"acf":[],"_links":{"self":[{"href":"https:\/\/www.citysenslab.com\/fr\/wp-json\/wp\/v2\/pages\/1691","targetHints":{"allow":["GET"]}}],"collection":[{"href":"https:\/\/www.citysenslab.com\/fr\/wp-json\/wp\/v2\/pages"}],"about":[{"href":"https:\/\/www.citysenslab.com\/fr\/wp-json\/wp\/v2\/types\/page"}],"author":[{"embeddable":true,"href":"https:\/\/www.citysenslab.com\/fr\/wp-json\/wp\/v2\/users\/1"}],"replies":[{"embeddable":true,"href":"https:\/\/www.citysenslab.com\/fr\/wp-json\/wp\/v2\/comments?post=1691"}],"version-history":[{"count":3,"href":"https:\/\/www.citysenslab.com\/fr\/wp-json\/wp\/v2\/pages\/1691\/revisions"}],"predecessor-version":[{"id":1855,"href":"https:\/\/www.citysenslab.com\/fr\/wp-json\/wp\/v2\/pages\/1691\/revisions\/1855"}],"wp:attachment":[{"href":"https:\/\/www.citysenslab.com\/fr\/wp-json\/wp\/v2\/media?parent=1691"}],"curies":[{"name":"wp","href":"https:\/\/api.w.org\/{rel}","templated":true}]}}